{"id":373,"date":"2026-02-16T11:40:03","date_gmt":"2026-02-16T11:40:03","guid":{"rendered":"https:\/\/stinf.pt\/areas-de-acao\/retrofitting-e-integracao-cnc-siemens-sinumerik\/"},"modified":"2026-04-08T09:51:14","modified_gmt":"2026-04-08T08:51:14","slug":"retrofitting-e-integracao-cnc-siemens-sinumerik","status":"publish","type":"page","link":"https:\/\/stinf.pt\/fr\/areas-de-acao\/retrofitting-e-integracao-cnc-siemens-sinumerik\/","title":{"rendered":"Retrofitting e Integra\u00e7\u00e3o CNC SIEMENS (SINUMERIK)"},"content":{"rendered":"\t\t<div data-elementor-type=\"wp-page\" data-elementor-id=\"373\" class=\"elementor elementor-373 elementor-137\" data-elementor-post-type=\"page\">\n\t\t\t\t<div class=\"elementor-element elementor-element-6011c40 e-con-full e-flex e-con e-parent\" data-id=\"6011c40\" data-element_type=\"container\" data-e-type=\"container\">\n\t\t<div class=\"elementor-element elementor-element-75d6d58 e-con-full e-flex e-con e-child\" data-id=\"75d6d58\" data-element_type=\"container\" data-e-type=\"container\" data-settings=\"{&quot;background_background&quot;:&quot;classic&quot;}\">\n\t\t<div class=\"elementor-element elementor-element-68a5776 e-con-full e-flex e-con e-child\" data-id=\"68a5776\" data-element_type=\"container\" data-e-type=\"container\">\n\t\t\t\t<div class=\"elementor-element elementor-element-51547fc elementor-widget elementor-widget-heading\" data-id=\"51547fc\" data-element_type=\"widget\" data-e-type=\"widget\" data-widget_type=\"heading.default\">\n\t\t\t\t\t<h1 class=\"elementor-heading-title elementor-size-default\">Retrofitting e Integra\u00e7\u00e3o CNC SIEMENS (SINUMERIK)<\/h1>\t\t\t\t<\/div>\n\t\t\t\t<\/div>\n\t\t\t\t<\/div>\n\t\t\t\t<\/div>\n\t\t<div class=\"elementor-element elementor-element-29ead89 e-con-full e-flex e-con e-parent\" data-id=\"29ead89\" data-element_type=\"container\" data-e-type=\"container\">\n\t\t<div class=\"elementor-element elementor-element-50f6dde e-con-full e-flex e-con e-child\" data-id=\"50f6dde\" data-element_type=\"container\" data-e-type=\"container\" data-settings=\"{&quot;background_background&quot;:&quot;classic&quot;}\">\n\t\t<div class=\"elementor-element elementor-element-3078581 e-con-full e-flex e-con e-child\" data-id=\"3078581\" data-element_type=\"container\" data-e-type=\"container\">\n\t\t\t\t<div class=\"elementor-element elementor-element-4828fcd elementor-widget elementor-widget-text-editor\" data-id=\"4828fcd\" data-element_type=\"widget\" data-e-type=\"widget\" data-widget_type=\"text-editor.default\">\n\t\t\t\t\t\t\t\t\t<p>Atualizamos m\u00e1quinas ferramenta para garantir precis\u00e3o, seguran\u00e7a e fiabilidade. Substitu\u00edmos sistemas obsoletos, integramos controladores SIEMENS Sinumerik e executamos todos os ajustes mec\u00e2nicos e el\u00e9tricos necess\u00e1rios.<\/p>\t\t\t\t\t\t\t\t<\/div>\n\t\t\t\t<div class=\"elementor-element elementor-element-aaa0e0f elementor-widget elementor-widget-heading\" data-id=\"aaa0e0f\" data-element_type=\"widget\" data-e-type=\"widget\" data-widget_type=\"heading.default\">\n\t\t\t\t\t<h2 class=\"elementor-heading-title elementor-size-default\">Servi\u00e7os<\/h2>\t\t\t\t<\/div>\n\t\t\t\t<div class=\"elementor-element elementor-element-ad64956 elementor-icon-list--layout-traditional elementor-list-item-link-full_width elementor-widget elementor-widget-icon-list\" data-id=\"ad64956\" data-element_type=\"widget\" data-e-type=\"widget\" data-widget_type=\"icon-list.default\">\n\t\t\t\t\t\t\t<ul class=\"elementor-icon-list-items\">\n\t\t\t\t\t\t\t<li class=\"elementor-icon-list-item\">\n\t\t\t\t\t\t\t\t\t\t\t<span class=\"elementor-icon-list-icon\">\n\t\t\t\t\t\t\t<svg aria-hidden=\"true\" class=\"e-font-icon-svg e-fas-check\" viewBox=\"0 0 512 512\" xmlns=\"http:\/\/www.w3.org\/2000\/svg\"><path d=\"M173.898 439.404l-166.4-166.4c-9.997-9.997-9.997-26.206 0-36.204l36.203-36.204c9.997-9.998 26.207-9.998 36.204 0L192 312.69 432.095 72.596c9.997-9.997 26.207-9.997 36.204 0l36.203 36.204c9.997 9.997 9.997 26.206 0 36.204l-294.4 294.401c-9.998 9.997-26.207 9.997-36.204-.001z\"><\/path><\/svg>\t\t\t\t\t\t<\/span>\n\t\t\t\t\t\t\t\t\t\t<span class=\"elementor-icon-list-text\">Substitui\u00e7\u00e3o de controladores antigos por SIEMENS Sinumerik<\/span>\n\t\t\t\t\t\t\t\t\t<\/li>\n\t\t\t\t\t\t\t\t<li class=\"elementor-icon-list-item\">\n\t\t\t\t\t\t\t\t\t\t\t<span class=\"elementor-icon-list-icon\">\n\t\t\t\t\t\t\t<svg aria-hidden=\"true\" class=\"e-font-icon-svg e-fas-check\" viewBox=\"0 0 512 512\" xmlns=\"http:\/\/www.w3.org\/2000\/svg\"><path d=\"M173.898 439.404l-166.4-166.4c-9.997-9.997-9.997-26.206 0-36.204l36.203-36.204c9.997-9.998 26.207-9.998 36.204 0L192 312.69 432.095 72.596c9.997-9.997 26.207-9.997 36.204 0l36.203 36.204c9.997 9.997 9.997 26.206 0 36.204l-294.4 294.401c-9.998 9.997-26.207 9.997-36.204-.001z\"><\/path><\/svg>\t\t\t\t\t\t<\/span>\n\t\t\t\t\t\t\t\t\t\t<span class=\"elementor-icon-list-text\">Atualiza\u00e7\u00e3o de variadores, motores e quadros el\u00e9tricos<\/span>\n\t\t\t\t\t\t\t\t\t<\/li>\n\t\t\t\t\t\t\t\t<li class=\"elementor-icon-list-item\">\n\t\t\t\t\t\t\t\t\t\t\t<span class=\"elementor-icon-list-icon\">\n\t\t\t\t\t\t\t<svg aria-hidden=\"true\" class=\"e-font-icon-svg e-fas-check\" viewBox=\"0 0 512 512\" xmlns=\"http:\/\/www.w3.org\/2000\/svg\"><path d=\"M173.898 439.404l-166.4-166.4c-9.997-9.997-9.997-26.206 0-36.204l36.203-36.204c9.997-9.998 26.207-9.998 36.204 0L192 312.69 432.095 72.596c9.997-9.997 26.207-9.997 36.204 0l36.203 36.204c9.997 9.997 9.997 26.206 0 36.204l-294.4 294.401c-9.998 9.997-26.207 9.997-36.204-.001z\"><\/path><\/svg>\t\t\t\t\t\t<\/span>\n\t\t\t\t\t\t\t\t\t\t<span class=\"elementor-icon-list-text\">Renova\u00e7\u00e3o de cablagens e componentes de seguran\u00e7a<\/span>\n\t\t\t\t\t\t\t\t\t<\/li>\n\t\t\t\t\t\t\t\t<li class=\"elementor-icon-list-item\">\n\t\t\t\t\t\t\t\t\t\t\t<span class=\"elementor-icon-list-icon\">\n\t\t\t\t\t\t\t<svg aria-hidden=\"true\" class=\"e-font-icon-svg e-fas-check\" viewBox=\"0 0 512 512\" xmlns=\"http:\/\/www.w3.org\/2000\/svg\"><path d=\"M173.898 439.404l-166.4-166.4c-9.997-9.997-9.997-26.206 0-36.204l36.203-36.204c9.997-9.998 26.207-9.998 36.204 0L192 312.69 432.095 72.596c9.997-9.997 26.207-9.997 36.204 0l36.203 36.204c9.997 9.997 9.997 26.206 0 36.204l-294.4 294.401c-9.998 9.997-26.207 9.997-36.204-.001z\"><\/path><\/svg>\t\t\t\t\t\t<\/span>\n\t\t\t\t\t\t\t\t\t\t<span class=\"elementor-icon-list-text\">Ajustes mec\u00e2nicos e calibra\u00e7\u00e3o<\/span>\n\t\t\t\t\t\t\t\t\t<\/li>\n\t\t\t\t\t\t\t\t<li class=\"elementor-icon-list-item\">\n\t\t\t\t\t\t\t\t\t\t\t<span class=\"elementor-icon-list-icon\">\n\t\t\t\t\t\t\t<svg aria-hidden=\"true\" class=\"e-font-icon-svg e-fas-check\" viewBox=\"0 0 512 512\" xmlns=\"http:\/\/www.w3.org\/2000\/svg\"><path d=\"M173.898 439.404l-166.4-166.4c-9.997-9.997-9.997-26.206 0-36.204l36.203-36.204c9.997-9.998 26.207-9.998 36.204 0L192 312.69 432.095 72.596c9.997-9.997 26.207-9.997 36.204 0l36.203 36.204c9.997 9.997 9.997 26.206 0 36.204l-294.4 294.401c-9.998 9.997-26.207 9.997-36.204-.001z\"><\/path><\/svg>\t\t\t\t\t\t<\/span>\n\t\t\t\t\t\t\t\t\t\t<span class=\"elementor-icon-list-text\">Integra\u00e7\u00e3o com sistemas existentes<\/span>\n\t\t\t\t\t\t\t\t\t<\/li>\n\t\t\t\t\t\t\t\t<li class=\"elementor-icon-list-item\">\n\t\t\t\t\t\t\t\t\t\t\t<span class=\"elementor-icon-list-icon\">\n\t\t\t\t\t\t\t<svg aria-hidden=\"true\" class=\"e-font-icon-svg e-fas-check\" viewBox=\"0 0 512 512\" xmlns=\"http:\/\/www.w3.org\/2000\/svg\"><path d=\"M173.898 439.404l-166.4-166.4c-9.997-9.997-9.997-26.206 0-36.204l36.203-36.204c9.997-9.998 26.207-9.998 36.204 0L192 312.69 432.095 72.596c9.997-9.997 26.207-9.997 36.204 0l36.203 36.204c9.997 9.997 9.997 26.206 0 36.204l-294.4 294.401c-9.998 9.997-26.207 9.997-36.204-.001z\"><\/path><\/svg>\t\t\t\t\t\t<\/span>\n\t\t\t\t\t\t\t\t\t\t<span class=\"elementor-icon-list-text\">Testes completos e forma\u00e7\u00e3o t\u00e9cnica ao cliente<\/span>\n\t\t\t\t\t\t\t\t\t<\/li>\n\t\t\t\t\t\t<\/ul>\n\t\t\t\t\t\t<\/div>\n\t\t\t\t<\/div>\n\t\t<div class=\"elementor-element elementor-element-705473b e-con-full e-flex e-con e-child\" data-id=\"705473b\" data-element_type=\"container\" data-e-type=\"container\" data-settings=\"{&quot;background_background&quot;:&quot;classic&quot;}\">\n\t\t\t\t<\/div>\n\t\t\t\t<\/div>\n\t\t\t\t<\/div>\n\t\t<div class=\"elementor-element elementor-element-998069e e-con-full e-flex e-con e-parent\" data-id=\"998069e\" data-element_type=\"container\" data-e-type=\"container\">\n\t\t<div class=\"elementor-element elementor-element-3ae0e33 e-con-full e-flex e-con e-child\" data-id=\"3ae0e33\" data-element_type=\"container\" data-e-type=\"container\" data-settings=\"{&quot;background_background&quot;:&quot;classic&quot;}\">\n\t\t<div class=\"elementor-element elementor-element-b456e1d e-con-full e-flex e-con e-child\" data-id=\"b456e1d\" data-element_type=\"container\" data-e-type=\"container\">\n\t\t\t\t<div class=\"elementor-element elementor-element-00ef391 elementor-widget elementor-widget-heading\" data-id=\"00ef391\" data-element_type=\"widget\" data-e-type=\"widget\" data-widget_type=\"heading.default\">\n\t\t\t\t\t<h2 class=\"elementor-heading-title elementor-size-default\">Fale connosco.<\/h2>\t\t\t\t<\/div>\n\t\t\t\t<div class=\"elementor-element elementor-element-5be631d elementor-widget elementor-widget-text-editor\" data-id=\"5be631d\" data-element_type=\"widget\" data-e-type=\"widget\" data-widget_type=\"text-editor.default\">\n\t\t\t\t\t\t\t\t\t<p>Estamos dispon\u00edveis para esclarecer d\u00favidas, analisar necessidades espec\u00edficas ou preparar uma proposta para o seu projeto.<\/p><p>Trabalhamos a partir da regi\u00e3o Norte, com interven\u00e7\u00e3o em todo o pa\u00eds. Tamb\u00e9m fazemos interven\u00e7\u00f5es em Espanha, Fran\u00e7a e Alemanha.<\/p>\t\t\t\t\t\t\t\t<\/div>\n\t\t\t\t<\/div>\n\t\t<div class=\"elementor-element elementor-element-4c333d9 e-con-full e-flex e-con e-child\" data-id=\"4c333d9\" data-element_type=\"container\" data-e-type=\"container\">\n\t\t\t\t<div class=\"elementor-element elementor-element-e10e83d elementor-button-align-start elementor-widget elementor-widget-form\" data-id=\"e10e83d\" data-element_type=\"widget\" data-e-type=\"widget\" data-settings=\"{&quot;step_next_label&quot;:&quot;Seguinte&quot;,&quot;step_previous_label&quot;:&quot;Anterior&quot;,&quot;button_width&quot;:&quot;100&quot;,&quot;step_type&quot;:&quot;number_text&quot;,&quot;step_icon_shape&quot;:&quot;circle&quot;}\" data-widget_type=\"form.default\">\n\t\t\t\t\t\t\t<form class=\"elementor-form\" method=\"post\" name=\"Contacte-nos\" aria-label=\"Contacte-nos\">\n\t\t\t<input type=\"hidden\" name=\"post_id\" value=\"373\"\/>\n\t\t\t<input type=\"hidden\" name=\"form_id\" value=\"e10e83d\"\/>\n\t\t\t<input type=\"hidden\" name=\"referer_title\" value=\"STINF\" \/>\n\n\t\t\t\n\t\t\t<div class=\"elementor-form-fields-wrapper elementor-labels-\">\n\t\t\t\t\t\t\t\t<div class=\"elementor-field-type-text elementor-field-group elementor-column elementor-field-group-nome elementor-col-100\">\n\t\t\t\t\t\t\t\t\t\t\t\t<label for=\"form-field-nome\" class=\"elementor-field-label elementor-screen-only\">\n\t\t\t\t\t\t\t\tNome\t\t\t\t\t\t\t<\/label>\n\t\t\t\t\t\t\t\t\t\t\t\t\t\t<input size=\"1\" type=\"text\" name=\"form_fields[nome]\" id=\"form-field-nome\" class=\"elementor-field elementor-size-sm  elementor-field-textual\" placeholder=\"Nome\">\n\t\t\t\t\t\t\t\t\t\t\t<\/div>\n\t\t\t\t\t\t\t\t<div class=\"elementor-field-type-text elementor-field-group elementor-column elementor-field-group-empresa elementor-col-100\">\n\t\t\t\t\t\t\t\t\t\t\t\t<label for=\"form-field-empresa\" class=\"elementor-field-label elementor-screen-only\">\n\t\t\t\t\t\t\t\tEmpresa\t\t\t\t\t\t\t<\/label>\n\t\t\t\t\t\t\t\t\t\t\t\t\t\t<input size=\"1\" type=\"text\" name=\"form_fields[empresa]\" id=\"form-field-empresa\" class=\"elementor-field elementor-size-sm  elementor-field-textual\" placeholder=\"Empresa\">\n\t\t\t\t\t\t\t\t\t\t\t<\/div>\n\t\t\t\t\t\t\t\t<div class=\"elementor-field-type-email elementor-field-group elementor-column elementor-field-group-email elementor-col-100 elementor-field-required\">\n\t\t\t\t\t\t\t\t\t\t\t\t<label for=\"form-field-email\" class=\"elementor-field-label elementor-screen-only\">\n\t\t\t\t\t\t\t\tE-mail\t\t\t\t\t\t\t<\/label>\n\t\t\t\t\t\t\t\t\t\t\t\t\t\t<input size=\"1\" type=\"email\" name=\"form_fields[email]\" id=\"form-field-email\" class=\"elementor-field elementor-size-sm  elementor-field-textual\" placeholder=\"E-mail\" required=\"required\">\n\t\t\t\t\t\t\t\t\t\t\t<\/div>\n\t\t\t\t\t\t\t\t<div class=\"elementor-field-type-textarea elementor-field-group elementor-column elementor-field-group-mensagem elementor-col-100\">\n\t\t\t\t\t\t\t\t\t\t\t\t<label for=\"form-field-mensagem\" class=\"elementor-field-label elementor-screen-only\">\n\t\t\t\t\t\t\t\tMensagem\t\t\t\t\t\t\t<\/label>\n\t\t\t\t\t\t<textarea class=\"elementor-field-textual elementor-field  elementor-size-sm\" name=\"form_fields[mensagem]\" id=\"form-field-mensagem\" rows=\"4\" placeholder=\"Mensagem\"><\/textarea>\t\t\t\t<\/div>\n\t\t\t\t\t\t\t\t<div class=\"elementor-field-type-acceptance elementor-field-group elementor-column elementor-field-group-rgpd elementor-col-100\">\n\t\t\t\t\t\t\t\t\t\t\t\t<label for=\"form-field-rgpd\" class=\"elementor-field-label elementor-screen-only\">\n\t\t\t\t\t\t\t\tRGPD\t\t\t\t\t\t\t<\/label>\n\t\t\t\t\t\t\t\t<div class=\"elementor-field-subgroup\">\n\t\t\t<span class=\"elementor-field-option\">\n\t\t\t\t<input type=\"checkbox\" name=\"form_fields[rgpd]\" id=\"form-field-rgpd\" class=\"elementor-field elementor-size-sm  elementor-acceptance-field\">\n\t\t\t\t<label for=\"form-field-rgpd\">Li e aceito a pol\u00edtica de privacidade da STINF<\/label>\t\t\t<\/span>\n\t\t<\/div>\n\t\t\t\t\t\t<\/div>\n\t\t\t\t\t\t\t\t<div class=\"elementor-field-group elementor-column elementor-field-type-submit elementor-col-100 e-form__buttons\">\n\t\t\t\t\t<button class=\"elementor-button elementor-size-sm\" type=\"submit\">\n\t\t\t\t\t\t<span class=\"elementor-button-content-wrapper\">\n\t\t\t\t\t\t\t\t\t\t\t\t\t\t\t\t\t\t\t\t\t\t<span class=\"elementor-button-text\">Contactar<\/span>\n\t\t\t\t\t\t\t\t\t\t\t\t\t<\/span>\n\t\t\t\t\t<\/button>\n\t\t\t\t<\/div>\n\t\t\t<\/div>\n\t\t<\/form>\n\t\t\t\t\t\t<\/div>\n\t\t\t\t<\/div>\n\t\t\t\t<\/div>\n\t\t\t\t<\/div>\n\t\t\t\t<\/div>\n\t\t","protected":false},"excerpt":{"rendered":"<p>Atualizamos m\u00e1quinas ferramenta para garantir precis\u00e3o, seguran\u00e7a e fiabilidade. Substitu\u00edmos sistemas obsoletos, integramos controladores SIEMENS Sinumerik e executamos todos os ajustes mec\u00e2nicos e el\u00e9tricos necess\u00e1rios. Servi\u00e7os Substitui\u00e7\u00e3o de controladores antigos por SIEMENS Sinumerik Atualiza\u00e7\u00e3o de variadores, motores e quadros el\u00e9tricos Renova\u00e7\u00e3o de cablagens e componentes de seguran\u00e7a Ajustes mec\u00e2nicos e calibra\u00e7\u00e3o Integra\u00e7\u00e3o com sistemas existentes [&hellip;]<\/p>\n","protected":false},"author":1,"featured_media":0,"parent":358,"menu_order":2,"comment_status":"closed","ping_status":"closed","template":"","meta":{"footnotes":""},"class_list":["post-373","page","type-page","status-publish","hentry"],"yoast_head":"<!-- This site is optimized with the Yoast SEO plugin v27.3 - https:\/\/yoast.com\/product\/yoast-seo-wordpress\/ -->\n<title>Retrofitting e Integra\u00e7\u00e3o CNC SIEMENS (SINUMERIK) - STINF<\/title>\n<meta name=\"robots\" content=\"index, follow, max-snippet:-1, max-image-preview:large, max-video-preview:-1\" \/>\n<link rel=\"canonical\" href=\"https:\/\/stinf.pt\/fr\/areas-de-acao\/retrofitting-e-integracao-cnc-siemens-sinumerik\/\" \/>\n<meta property=\"og:locale\" content=\"fr_FR\" \/>\n<meta property=\"og:type\" content=\"article\" \/>\n<meta property=\"og:title\" content=\"Retrofitting e Integra\u00e7\u00e3o CNC SIEMENS (SINUMERIK) - STINF\" \/>\n<meta property=\"og:description\" content=\"Atualizamos m\u00e1quinas ferramenta para garantir precis\u00e3o, seguran\u00e7a e fiabilidade. Substitu\u00edmos sistemas obsoletos, integramos controladores SIEMENS Sinumerik e executamos todos os ajustes mec\u00e2nicos e el\u00e9tricos necess\u00e1rios. Servi\u00e7os Substitui\u00e7\u00e3o de controladores antigos por SIEMENS Sinumerik Atualiza\u00e7\u00e3o de variadores, motores e quadros el\u00e9tricos Renova\u00e7\u00e3o de cablagens e componentes de seguran\u00e7a Ajustes mec\u00e2nicos e calibra\u00e7\u00e3o Integra\u00e7\u00e3o com sistemas existentes [&hellip;]\" \/>\n<meta property=\"og:url\" content=\"https:\/\/stinf.pt\/fr\/areas-de-acao\/retrofitting-e-integracao-cnc-siemens-sinumerik\/\" \/>\n<meta property=\"og:site_name\" content=\"STINF\" \/>\n<meta property=\"article:modified_time\" content=\"2026-04-08T08:51:14+00:00\" \/>\n<meta name=\"twitter:card\" content=\"summary_large_image\" \/>\n<meta name=\"twitter:label1\" content=\"Dur\u00e9e de lecture estim\u00e9e\" \/>\n\t<meta name=\"twitter:data1\" content=\"1 minute\" \/>\n<script type=\"application\/ld+json\" class=\"yoast-schema-graph\">{\"@context\":\"https:\\\/\\\/schema.org\",\"@graph\":[{\"@type\":\"WebPage\",\"@id\":\"https:\\\/\\\/stinf.pt\\\/fr\\\/areas-de-acao\\\/retrofitting-e-integracao-cnc-siemens-sinumerik\\\/\",\"url\":\"https:\\\/\\\/stinf.pt\\\/fr\\\/areas-de-acao\\\/retrofitting-e-integracao-cnc-siemens-sinumerik\\\/\",\"name\":\"Retrofitting e Integra\u00e7\u00e3o CNC SIEMENS (SINUMERIK) - STINF\",\"isPartOf\":{\"@id\":\"https:\\\/\\\/stinf.pt\\\/fr\\\/#website\"},\"datePublished\":\"2026-02-16T11:40:03+00:00\",\"dateModified\":\"2026-04-08T08:51:14+00:00\",\"breadcrumb\":{\"@id\":\"https:\\\/\\\/stinf.pt\\\/fr\\\/areas-de-acao\\\/retrofitting-e-integracao-cnc-siemens-sinumerik\\\/#breadcrumb\"},\"inLanguage\":\"fr-FR\",\"potentialAction\":[{\"@type\":\"ReadAction\",\"target\":[\"https:\\\/\\\/stinf.pt\\\/fr\\\/areas-de-acao\\\/retrofitting-e-integracao-cnc-siemens-sinumerik\\\/\"]}]},{\"@type\":\"BreadcrumbList\",\"@id\":\"https:\\\/\\\/stinf.pt\\\/fr\\\/areas-de-acao\\\/retrofitting-e-integracao-cnc-siemens-sinumerik\\\/#breadcrumb\",\"itemListElement\":[{\"@type\":\"ListItem\",\"position\":1,\"name\":\"In\u00edcio\",\"item\":\"https:\\\/\\\/stinf.pt\\\/fr\\\/sistemas-industriais\\\/\"},{\"@type\":\"ListItem\",\"position\":2,\"name\":\"\u00c1reas de A\u00e7\u00e3o\",\"item\":\"https:\\\/\\\/stinf.pt\\\/fr\\\/areas-de-acao\\\/\"},{\"@type\":\"ListItem\",\"position\":3,\"name\":\"Retrofitting e Integra\u00e7\u00e3o CNC SIEMENS (SINUMERIK)\"}]},{\"@type\":\"WebSite\",\"@id\":\"https:\\\/\\\/stinf.pt\\\/fr\\\/#website\",\"url\":\"https:\\\/\\\/stinf.pt\\\/fr\\\/\",\"name\":\"STINF\",\"description\":\"Sistemas industriais que funcionam\",\"publisher\":{\"@id\":\"https:\\\/\\\/stinf.pt\\\/fr\\\/#organization\"},\"potentialAction\":[{\"@type\":\"SearchAction\",\"target\":{\"@type\":\"EntryPoint\",\"urlTemplate\":\"https:\\\/\\\/stinf.pt\\\/fr\\\/?s={search_term_string}\"},\"query-input\":{\"@type\":\"PropertyValueSpecification\",\"valueRequired\":true,\"valueName\":\"search_term_string\"}}],\"inLanguage\":\"fr-FR\"},{\"@type\":\"Organization\",\"@id\":\"https:\\\/\\\/stinf.pt\\\/fr\\\/#organization\",\"name\":\"STINF\",\"url\":\"https:\\\/\\\/stinf.pt\\\/fr\\\/\",\"logo\":{\"@type\":\"ImageObject\",\"inLanguage\":\"fr-FR\",\"@id\":\"https:\\\/\\\/stinf.pt\\\/fr\\\/#\\\/schema\\\/logo\\\/image\\\/\",\"url\":\"https:\\\/\\\/stinf.pt\\\/wp-content\\\/uploads\\\/2026\\\/02\\\/logo-stinf-light.svg\",\"contentUrl\":\"https:\\\/\\\/stinf.pt\\\/wp-content\\\/uploads\\\/2026\\\/02\\\/logo-stinf-light.svg\",\"width\":400,\"height\":465,\"caption\":\"STINF\"},\"image\":{\"@id\":\"https:\\\/\\\/stinf.pt\\\/fr\\\/#\\\/schema\\\/logo\\\/image\\\/\"}}]}<\/script>\n<!-- \/ Yoast SEO plugin. -->","yoast_head_json":{"title":"Retrofitting e Integra\u00e7\u00e3o CNC SIEMENS (SINUMERIK) - STINF","robots":{"index":"index","follow":"follow","max-snippet":"max-snippet:-1","max-image-preview":"max-image-preview:large","max-video-preview":"max-video-preview:-1"},"canonical":"https:\/\/stinf.pt\/fr\/areas-de-acao\/retrofitting-e-integracao-cnc-siemens-sinumerik\/","og_locale":"fr_FR","og_type":"article","og_title":"Retrofitting e Integra\u00e7\u00e3o CNC SIEMENS (SINUMERIK) - STINF","og_description":"Atualizamos m\u00e1quinas ferramenta para garantir precis\u00e3o, seguran\u00e7a e fiabilidade. Substitu\u00edmos sistemas obsoletos, integramos controladores SIEMENS Sinumerik e executamos todos os ajustes mec\u00e2nicos e el\u00e9tricos necess\u00e1rios. Servi\u00e7os Substitui\u00e7\u00e3o de controladores antigos por SIEMENS Sinumerik Atualiza\u00e7\u00e3o de variadores, motores e quadros el\u00e9tricos Renova\u00e7\u00e3o de cablagens e componentes de seguran\u00e7a Ajustes mec\u00e2nicos e calibra\u00e7\u00e3o Integra\u00e7\u00e3o com sistemas existentes [&hellip;]","og_url":"https:\/\/stinf.pt\/fr\/areas-de-acao\/retrofitting-e-integracao-cnc-siemens-sinumerik\/","og_site_name":"STINF","article_modified_time":"2026-04-08T08:51:14+00:00","twitter_card":"summary_large_image","twitter_misc":{"Dur\u00e9e de lecture estim\u00e9e":"1 minute"},"schema":{"@context":"https:\/\/schema.org","@graph":[{"@type":"WebPage","@id":"https:\/\/stinf.pt\/fr\/areas-de-acao\/retrofitting-e-integracao-cnc-siemens-sinumerik\/","url":"https:\/\/stinf.pt\/fr\/areas-de-acao\/retrofitting-e-integracao-cnc-siemens-sinumerik\/","name":"Retrofitting e Integra\u00e7\u00e3o CNC SIEMENS (SINUMERIK) - STINF","isPartOf":{"@id":"https:\/\/stinf.pt\/fr\/#website"},"datePublished":"2026-02-16T11:40:03+00:00","dateModified":"2026-04-08T08:51:14+00:00","breadcrumb":{"@id":"https:\/\/stinf.pt\/fr\/areas-de-acao\/retrofitting-e-integracao-cnc-siemens-sinumerik\/#breadcrumb"},"inLanguage":"fr-FR","potentialAction":[{"@type":"ReadAction","target":["https:\/\/stinf.pt\/fr\/areas-de-acao\/retrofitting-e-integracao-cnc-siemens-sinumerik\/"]}]},{"@type":"BreadcrumbList","@id":"https:\/\/stinf.pt\/fr\/areas-de-acao\/retrofitting-e-integracao-cnc-siemens-sinumerik\/#breadcrumb","itemListElement":[{"@type":"ListItem","position":1,"name":"In\u00edcio","item":"https:\/\/stinf.pt\/fr\/sistemas-industriais\/"},{"@type":"ListItem","position":2,"name":"\u00c1reas de A\u00e7\u00e3o","item":"https:\/\/stinf.pt\/fr\/areas-de-acao\/"},{"@type":"ListItem","position":3,"name":"Retrofitting e Integra\u00e7\u00e3o CNC SIEMENS (SINUMERIK)"}]},{"@type":"WebSite","@id":"https:\/\/stinf.pt\/fr\/#website","url":"https:\/\/stinf.pt\/fr\/","name":"STINF","description":"Sistemas industriais que funcionam","publisher":{"@id":"https:\/\/stinf.pt\/fr\/#organization"},"potentialAction":[{"@type":"SearchAction","target":{"@type":"EntryPoint","urlTemplate":"https:\/\/stinf.pt\/fr\/?s={search_term_string}"},"query-input":{"@type":"PropertyValueSpecification","valueRequired":true,"valueName":"search_term_string"}}],"inLanguage":"fr-FR"},{"@type":"Organization","@id":"https:\/\/stinf.pt\/fr\/#organization","name":"STINF","url":"https:\/\/stinf.pt\/fr\/","logo":{"@type":"ImageObject","inLanguage":"fr-FR","@id":"https:\/\/stinf.pt\/fr\/#\/schema\/logo\/image\/","url":"https:\/\/stinf.pt\/wp-content\/uploads\/2026\/02\/logo-stinf-light.svg","contentUrl":"https:\/\/stinf.pt\/wp-content\/uploads\/2026\/02\/logo-stinf-light.svg","width":400,"height":465,"caption":"STINF"},"image":{"@id":"https:\/\/stinf.pt\/fr\/#\/schema\/logo\/image\/"}}]}},"_links":{"self":[{"href":"https:\/\/stinf.pt\/fr\/wp-json\/wp\/v2\/pages\/373","targetHints":{"allow":["GET"]}}],"collection":[{"href":"https:\/\/stinf.pt\/fr\/wp-json\/wp\/v2\/pages"}],"about":[{"href":"https:\/\/stinf.pt\/fr\/wp-json\/wp\/v2\/types\/page"}],"author":[{"embeddable":true,"href":"https:\/\/stinf.pt\/fr\/wp-json\/wp\/v2\/users\/1"}],"replies":[{"embeddable":true,"href":"https:\/\/stinf.pt\/fr\/wp-json\/wp\/v2\/comments?post=373"}],"version-history":[{"count":1,"href":"https:\/\/stinf.pt\/fr\/wp-json\/wp\/v2\/pages\/373\/revisions"}],"predecessor-version":[{"id":374,"href":"https:\/\/stinf.pt\/fr\/wp-json\/wp\/v2\/pages\/373\/revisions\/374"}],"up":[{"embeddable":true,"href":"https:\/\/stinf.pt\/fr\/wp-json\/wp\/v2\/pages\/358"}],"wp:attachment":[{"href":"https:\/\/stinf.pt\/fr\/wp-json\/wp\/v2\/media?parent=373"}],"curies":[{"name":"wp","href":"https:\/\/api.w.org\/{rel}","templated":true}]}}