{"id":335,"date":"2026-02-05T12:34:21","date_gmt":"2026-02-05T12:34:21","guid":{"rendered":"https:\/\/stinf.pt\/sistemas-industriais\/"},"modified":"2026-04-08T09:45:20","modified_gmt":"2026-04-08T08:45:20","slug":"sistemas-industriais","status":"publish","type":"page","link":"https:\/\/stinf.pt\/fr\/","title":{"rendered":"Sistemas Industriais"},"content":{"rendered":"\t\t<div data-elementor-type=\"wp-page\" data-elementor-id=\"335\" class=\"elementor elementor-335 elementor-31\" data-elementor-post-type=\"page\">\n\t\t\t\t<div class=\"elementor-element elementor-element-b9cbc8d e-con-full e-flex e-con e-parent\" data-id=\"b9cbc8d\" data-element_type=\"container\" data-e-type=\"container\">\n\t\t\t\t<div class=\"elementor-element elementor-element-256cce0 elementor--h-position-center elementor--v-position-middle elementor-arrows-position-inside elementor-widget elementor-widget-slides\" data-id=\"256cce0\" data-element_type=\"widget\" data-e-type=\"widget\" data-settings=\"{&quot;navigation&quot;:&quot;arrows&quot;,&quot;autoplay&quot;:&quot;yes&quot;,&quot;pause_on_hover&quot;:&quot;yes&quot;,&quot;pause_on_interaction&quot;:&quot;yes&quot;,&quot;autoplay_speed&quot;:5000,&quot;infinite&quot;:&quot;yes&quot;,&quot;transition&quot;:&quot;slide&quot;,&quot;transition_speed&quot;:500}\" data-widget_type=\"slides.default\">\n\t\t\t\t\t\t\t\t\t\t<div class=\"elementor-slides-wrapper elementor-main-swiper swiper\" role=\"region\" aria-roledescription=\"carousel\" aria-label=\"Slides\" dir=\"ltr\" data-animation=\"fadeInUp\">\n\t\t\t\t<div class=\"swiper-wrapper elementor-slides\">\n\t\t\t\t\t\t\t\t\t\t<div class=\"elementor-repeater-item-167ff5a swiper-slide\" role=\"group\" aria-roledescription=\"slide\"><div class=\"swiper-slide-bg elementor-ken-burns elementor-ken-burns--in\" role=\"img\" aria-label=\"04\"><\/div><div class=\"elementor-background-overlay\"><\/div><a class=\"swiper-slide-inner\" href=\"https:\/\/stinf.pt\/areas-de-acao\/\"><div class=\"swiper-slide-contents\"><div class=\"elementor-slide-heading\">Solu\u00e7\u00f5es de automa\u00e7\u00e3o industrial adequadas \u00e0 sua ind\u00fastria.<\/div><div  class=\"elementor-button elementor-slide-button elementor-size-sm\">Ver \u00e1reas de a\u00e7\u00e3o<\/div><\/div><\/a><\/div><div class=\"elementor-repeater-item-b99e27a swiper-slide\" role=\"group\" aria-roledescription=\"slide\"><div class=\"swiper-slide-bg elementor-ken-burns elementor-ken-burns--in\" role=\"img\" aria-label=\"01\"><\/div><div class=\"elementor-background-overlay\"><\/div><a class=\"swiper-slide-inner\" href=\"https:\/\/stinf.pt\/sobre-nos\/\"><div class=\"swiper-slide-contents\"><div class=\"elementor-slide-heading\">Equipa consciente, focada em efici\u00eancia e fiabilidade.<\/div><div  class=\"elementor-button elementor-slide-button elementor-size-sm\">Sobre n\u00f3s<\/div><\/div><\/a><\/div><div class=\"elementor-repeater-item-6ab3118 swiper-slide\" role=\"group\" aria-roledescription=\"slide\"><div class=\"swiper-slide-bg elementor-ken-burns elementor-ken-burns--in\" role=\"img\" aria-label=\"06\"><\/div><div class=\"elementor-background-overlay\"><\/div><a class=\"swiper-slide-inner\" href=\"https:\/\/stinf.pt\/sobre-nos\/\"><div class=\"swiper-slide-contents\"><div class=\"elementor-slide-heading\">Na STINF trabalhamos com aten\u00e7\u00e3o ao detalhe e foco na solu\u00e7\u00e3o.<\/div><div  class=\"elementor-button elementor-slide-button elementor-size-sm\">Sobre n\u00f3s<\/div><\/div><\/a><\/div><div class=\"elementor-repeater-item-ee9a4a5 swiper-slide\" role=\"group\" aria-roledescription=\"slide\"><div class=\"swiper-slide-bg elementor-ken-burns elementor-ken-burns--in\" role=\"img\" aria-label=\"13\"><\/div><div class=\"elementor-background-overlay\"><\/div><a class=\"swiper-slide-inner\" href=\"https:\/\/stinf.pt\/sobre-nos\/\"><div class=\"swiper-slide-contents\"><div class=\"elementor-slide-heading\">O que oferecemos \u00e9 simples: solu\u00e7\u00f5es fi\u00e1veis, adequadas e feitas para funcionar.<\/div><div  class=\"elementor-button elementor-slide-button elementor-size-sm\">Sobre n\u00f3s<\/div><\/div><\/a><\/div>\t\t\t\t<\/div>\n\t\t\t\t\t\t\t\t\t\t\t\t\t\t\t<div class=\"elementor-swiper-button elementor-swiper-button-prev\" role=\"button\" tabindex=\"0\" aria-label=\"Diapositive pr\u00e9c\u00e9dente\">\n\t\t\t\t\t\t\t<svg aria-hidden=\"true\" class=\"e-font-icon-svg e-eicon-chevron-left\" viewBox=\"0 0 1000 1000\" xmlns=\"http:\/\/www.w3.org\/2000\/svg\"><path d=\"M646 125C629 125 613 133 604 142L308 442C296 454 292 471 292 487 292 504 296 521 308 533L604 854C617 867 629 875 646 875 663 875 679 871 692 858 704 846 713 829 713 812 713 796 708 779 692 767L438 487 692 225C700 217 708 204 708 187 708 171 704 154 692 142 675 129 663 125 646 125Z\"><\/path><\/svg>\t\t\t\t\t\t<\/div>\n\t\t\t\t\t\t<div class=\"elementor-swiper-button elementor-swiper-button-next\" role=\"button\" tabindex=\"0\" aria-label=\"Diapositive suivante\">\n\t\t\t\t\t\t\t<svg aria-hidden=\"true\" class=\"e-font-icon-svg e-eicon-chevron-right\" viewBox=\"0 0 1000 1000\" xmlns=\"http:\/\/www.w3.org\/2000\/svg\"><path d=\"M696 533C708 521 713 504 713 487 713 471 708 454 696 446L400 146C388 133 375 125 354 125 338 125 325 129 313 142 300 154 292 171 292 187 292 204 296 221 308 233L563 492 304 771C292 783 288 800 288 817 288 833 296 850 308 863 321 871 338 875 354 875 371 875 388 867 400 854L696 533Z\"><\/path><\/svg>\t\t\t\t\t\t<\/div>\n\t\t\t\t\t\t\t\t\t\t\t\t\t\t\t\t\t<\/div>\n\t\t\t\t\t\t\t\t<\/div>\n\t\t\t\t<\/div>\n\t\t<div class=\"elementor-element elementor-element-be883a8 e-grid e-con-full e-con e-parent\" data-id=\"be883a8\" data-element_type=\"container\" data-e-type=\"container\">\n\t\t<a class=\"elementor-element elementor-element-b063f10 e-con-full e-flex e-con e-child\" data-id=\"b063f10\" data-element_type=\"container\" data-e-type=\"container\" data-settings=\"{&quot;background_background&quot;:&quot;classic&quot;}\" href=\"https:\/\/stinf.pt\/areas-de-acao\/assistencia-tecnica-a-equipamentos-industriais\/\" aria-label=\"Mais informa\u00e7\u00f5es sobre assist\u00eancia t\u00e9cnica\">\n\t\t\t\t<div class=\"elementor-element elementor-element-2d625b1 elementor-position-top elementor-widget elementor-widget-image-box\" data-id=\"2d625b1\" data-element_type=\"widget\" data-e-type=\"widget\" data-widget_type=\"image-box.default\">\n\t\t\t\t\t<div class=\"elementor-image-box-wrapper\"><figure class=\"elementor-image-box-img\"><img decoding=\"async\" width=\"48\" height=\"48\" src=\"https:\/\/stinf.pt\/wp-content\/uploads\/2026\/02\/conveyor_belt_48dp_0D3E43_FILL0_wght400_GRAD0_opsz48.svg\" class=\"attachment-full size-full wp-image-330\" alt=\"\" \/><\/figure><div class=\"elementor-image-box-content\"><h3 class=\"elementor-image-box-title\">Assist\u00eancia T\u00e9cnica a Equipamentos Industriais<\/h3><\/div><\/div>\t\t\t\t<\/div>\n\t\t\t\t<\/a>\n\t\t<a class=\"elementor-element elementor-element-918e2df e-con-full e-flex e-con e-child\" data-id=\"918e2df\" data-element_type=\"container\" data-e-type=\"container\" data-settings=\"{&quot;background_background&quot;:&quot;classic&quot;}\" href=\"https:\/\/stinf.pt\/areas-de-acao\/assistencia-tecnica-a-equipamentos-industriais\/\" aria-label=\"Mais informa\u00e7\u00f5es sobre assist\u00eancia t\u00e9cnica\">\n\t\t\t\t<div class=\"elementor-element elementor-element-186d271 elementor-position-top elementor-widget elementor-widget-image-box\" data-id=\"186d271\" data-element_type=\"widget\" data-e-type=\"widget\" data-widget_type=\"image-box.default\">\n\t\t\t\t\t<div class=\"elementor-image-box-wrapper\"><figure class=\"elementor-image-box-img\"><img decoding=\"async\" width=\"48\" height=\"48\" src=\"https:\/\/stinf.pt\/wp-content\/uploads\/2026\/02\/precision_manufacturing_48dp_0D3E43_FILL0_wght400_GRAD0_opsz48.svg\" class=\"attachment-full size-full wp-image-331\" alt=\"\" \/><\/figure><div class=\"elementor-image-box-content\"><h3 class=\"elementor-image-box-title\">Retrofitting e Integra\u00e7\u00e3o CNC SIEMENS<\/h3><p class=\"elementor-image-box-description\">(SINUMERIK)<\/p><\/div><\/div>\t\t\t\t<\/div>\n\t\t\t\t<\/a>\n\t\t<a class=\"elementor-element elementor-element-2b49b17 e-con-full e-flex e-con e-child\" data-id=\"2b49b17\" data-element_type=\"container\" data-e-type=\"container\" data-settings=\"{&quot;background_background&quot;:&quot;classic&quot;}\" href=\"https:\/\/stinf.pt\/areas-de-acao\/assistencia-tecnica-a-equipamentos-industriais\/\" aria-label=\"Mais informa\u00e7\u00f5es sobre assist\u00eancia t\u00e9cnica\">\n\t\t\t\t<div class=\"elementor-element elementor-element-ceba6e4 elementor-position-top elementor-widget elementor-widget-image-box\" data-id=\"ceba6e4\" data-element_type=\"widget\" data-e-type=\"widget\" data-widget_type=\"image-box.default\">\n\t\t\t\t\t<div class=\"elementor-image-box-wrapper\"><figure class=\"elementor-image-box-img\"><img decoding=\"async\" width=\"48\" height=\"48\" src=\"https:\/\/stinf.pt\/wp-content\/uploads\/2026\/02\/ventilator_48dp_0D3E43_FILL0_wght400_GRAD0_opsz48.svg\" class=\"attachment-full size-full wp-image-332\" alt=\"\" \/><\/figure><div class=\"elementor-image-box-content\"><h3 class=\"elementor-image-box-title\">Automa\u00e7\u00e3o de Processos &amp; Constru\u00e7\u00e3o de Equipamentos Perif\u00e9ricos<\/h3><\/div><\/div>\t\t\t\t<\/div>\n\t\t\t\t<\/a>\n\t\t<a class=\"elementor-element elementor-element-b621afd e-con-full e-flex e-con e-child\" data-id=\"b621afd\" data-element_type=\"container\" data-e-type=\"container\" data-settings=\"{&quot;background_background&quot;:&quot;classic&quot;}\" href=\"https:\/\/stinf.pt\/areas-de-acao\/assistencia-tecnica-a-equipamentos-industriais\/\" aria-label=\"Mais informa\u00e7\u00f5es sobre assist\u00eancia t\u00e9cnica\">\n\t\t\t\t<div class=\"elementor-element elementor-element-227b6bd elementor-position-top elementor-widget elementor-widget-image-box\" data-id=\"227b6bd\" data-element_type=\"widget\" data-e-type=\"widget\" data-widget_type=\"image-box.default\">\n\t\t\t\t\t<div class=\"elementor-image-box-wrapper\"><figure class=\"elementor-image-box-img\"><img loading=\"lazy\" decoding=\"async\" width=\"48\" height=\"48\" src=\"https:\/\/stinf.pt\/wp-content\/uploads\/2026\/02\/warehouse_48dp_0D3E43_FILL0_wght400_GRAD0_opsz48.svg\" class=\"attachment-full size-full wp-image-333\" alt=\"\" \/><\/figure><div class=\"elementor-image-box-content\"><h3 class=\"elementor-image-box-title\">Projetos Industriais Completos<\/h3><p class=\"elementor-image-box-description\">(Chave na M\u00e3o)<\/p><\/div><\/div>\t\t\t\t<\/div>\n\t\t\t\t<\/a>\n\t\t\t\t<\/div>\n\t\t<div class=\"elementor-element elementor-element-4794eeb e-con-full e-flex e-con e-parent\" data-id=\"4794eeb\" data-element_type=\"container\" data-e-type=\"container\">\n\t\t<div class=\"elementor-element elementor-element-a5c300d e-con-full e-flex e-con e-child\" data-id=\"a5c300d\" data-element_type=\"container\" data-e-type=\"container\" data-settings=\"{&quot;background_background&quot;:&quot;classic&quot;}\">\n\t\t<div class=\"elementor-element elementor-element-c11574f e-con-full e-flex e-con e-child\" data-id=\"c11574f\" data-element_type=\"container\" data-e-type=\"container\">\n\t\t\t\t<div class=\"elementor-element elementor-element-586743e elementor-widget elementor-widget-heading\" data-id=\"586743e\" data-element_type=\"widget\" data-e-type=\"widget\" data-widget_type=\"heading.default\">\n\t\t\t\t\t<h2 class=\"elementor-heading-title elementor-size-default\">Fale connosco.<\/h2>\t\t\t\t<\/div>\n\t\t\t\t<div class=\"elementor-element elementor-element-07d24c2 elementor-widget elementor-widget-text-editor\" data-id=\"07d24c2\" data-element_type=\"widget\" data-e-type=\"widget\" data-widget_type=\"text-editor.default\">\n\t\t\t\t\t\t\t\t\t<p>Estamos dispon\u00edveis para esclarecer d\u00favidas, analisar necessidades espec\u00edficas ou preparar uma proposta para o seu projeto.<\/p><p>Trabalhamos a partir da regi\u00e3o Norte, com interven\u00e7\u00e3o em todo o pa\u00eds. Tamb\u00e9m fazemos interven\u00e7\u00f5es em Espanha, Fran\u00e7a e Alemanha. <\/p>\t\t\t\t\t\t\t\t<\/div>\n\t\t\t\t<\/div>\n\t\t<div class=\"elementor-element elementor-element-6911466 e-con-full e-flex e-con e-child\" data-id=\"6911466\" data-element_type=\"container\" data-e-type=\"container\">\n\t\t\t\t<div class=\"elementor-element elementor-element-9d9fed1 elementor-button-align-start elementor-widget elementor-widget-form\" data-id=\"9d9fed1\" data-element_type=\"widget\" data-e-type=\"widget\" data-settings=\"{&quot;step_next_label&quot;:&quot;Seguinte&quot;,&quot;step_previous_label&quot;:&quot;Anterior&quot;,&quot;button_width&quot;:&quot;100&quot;,&quot;step_type&quot;:&quot;number_text&quot;,&quot;step_icon_shape&quot;:&quot;circle&quot;}\" data-widget_type=\"form.default\">\n\t\t\t\t\t\t\t<form class=\"elementor-form\" method=\"post\" name=\"Contacte-nos\" aria-label=\"Contacte-nos\">\n\t\t\t<input type=\"hidden\" name=\"post_id\" value=\"335\"\/>\n\t\t\t<input type=\"hidden\" name=\"form_id\" value=\"9d9fed1\"\/>\n\t\t\t<input type=\"hidden\" name=\"referer_title\" value=\"Sistemas Industriais - STINF\" \/>\n\n\t\t\t\t\t\t\t<input type=\"hidden\" name=\"queried_id\" value=\"335\"\/>\n\t\t\t\n\t\t\t<div class=\"elementor-form-fields-wrapper elementor-labels-\">\n\t\t\t\t\t\t\t\t<div class=\"elementor-field-type-text elementor-field-group elementor-column elementor-field-group-nome elementor-col-100\">\n\t\t\t\t\t\t\t\t\t\t\t\t<label for=\"form-field-nome\" class=\"elementor-field-label elementor-screen-only\">\n\t\t\t\t\t\t\t\tNome\t\t\t\t\t\t\t<\/label>\n\t\t\t\t\t\t\t\t\t\t\t\t\t\t<input size=\"1\" type=\"text\" name=\"form_fields[nome]\" id=\"form-field-nome\" class=\"elementor-field elementor-size-sm  elementor-field-textual\" placeholder=\"Nome\">\n\t\t\t\t\t\t\t\t\t\t\t<\/div>\n\t\t\t\t\t\t\t\t<div class=\"elementor-field-type-text elementor-field-group elementor-column elementor-field-group-empresa elementor-col-100\">\n\t\t\t\t\t\t\t\t\t\t\t\t<label for=\"form-field-empresa\" class=\"elementor-field-label elementor-screen-only\">\n\t\t\t\t\t\t\t\tEmpresa\t\t\t\t\t\t\t<\/label>\n\t\t\t\t\t\t\t\t\t\t\t\t\t\t<input size=\"1\" type=\"text\" name=\"form_fields[empresa]\" id=\"form-field-empresa\" class=\"elementor-field elementor-size-sm  elementor-field-textual\" placeholder=\"Empresa\">\n\t\t\t\t\t\t\t\t\t\t\t<\/div>\n\t\t\t\t\t\t\t\t<div class=\"elementor-field-type-email elementor-field-group elementor-column elementor-field-group-email elementor-col-100 elementor-field-required\">\n\t\t\t\t\t\t\t\t\t\t\t\t<label for=\"form-field-email\" class=\"elementor-field-label elementor-screen-only\">\n\t\t\t\t\t\t\t\tE-mail\t\t\t\t\t\t\t<\/label>\n\t\t\t\t\t\t\t\t\t\t\t\t\t\t<input size=\"1\" type=\"email\" name=\"form_fields[email]\" id=\"form-field-email\" class=\"elementor-field elementor-size-sm  elementor-field-textual\" placeholder=\"E-mail\" required=\"required\">\n\t\t\t\t\t\t\t\t\t\t\t<\/div>\n\t\t\t\t\t\t\t\t<div class=\"elementor-field-type-textarea elementor-field-group elementor-column elementor-field-group-mensagem elementor-col-100\">\n\t\t\t\t\t\t\t\t\t\t\t\t<label for=\"form-field-mensagem\" class=\"elementor-field-label elementor-screen-only\">\n\t\t\t\t\t\t\t\tMensagem\t\t\t\t\t\t\t<\/label>\n\t\t\t\t\t\t<textarea class=\"elementor-field-textual elementor-field  elementor-size-sm\" name=\"form_fields[mensagem]\" id=\"form-field-mensagem\" rows=\"4\" placeholder=\"Mensagem\"><\/textarea>\t\t\t\t<\/div>\n\t\t\t\t\t\t\t\t<div class=\"elementor-field-type-acceptance elementor-field-group elementor-column elementor-field-group-rgpd elementor-col-100\">\n\t\t\t\t\t\t\t\t\t\t\t\t<label for=\"form-field-rgpd\" class=\"elementor-field-label elementor-screen-only\">\n\t\t\t\t\t\t\t\tRGPD\t\t\t\t\t\t\t<\/label>\n\t\t\t\t\t\t\t\t<div class=\"elementor-field-subgroup\">\n\t\t\t<span class=\"elementor-field-option\">\n\t\t\t\t<input type=\"checkbox\" name=\"form_fields[rgpd]\" id=\"form-field-rgpd\" class=\"elementor-field elementor-size-sm  elementor-acceptance-field\">\n\t\t\t\t<label for=\"form-field-rgpd\">Li e aceito a pol\u00edtica de privacidade da STINF<\/label>\t\t\t<\/span>\n\t\t<\/div>\n\t\t\t\t\t\t<\/div>\n\t\t\t\t\t\t\t\t<div class=\"elementor-field-group elementor-column elementor-field-type-submit elementor-col-100 e-form__buttons\">\n\t\t\t\t\t<button class=\"elementor-button elementor-size-sm\" type=\"submit\">\n\t\t\t\t\t\t<span class=\"elementor-button-content-wrapper\">\n\t\t\t\t\t\t\t\t\t\t\t\t\t\t\t\t\t\t\t\t\t\t<span class=\"elementor-button-text\">Contactar<\/span>\n\t\t\t\t\t\t\t\t\t\t\t\t\t<\/span>\n\t\t\t\t\t<\/button>\n\t\t\t\t<\/div>\n\t\t\t<\/div>\n\t\t<\/form>\n\t\t\t\t\t\t<\/div>\n\t\t\t\t<\/div>\n\t\t\t\t<\/div>\n\t\t\t\t<\/div>\n\t\t\t\t<\/div>\n\t\t","protected":false},"excerpt":{"rendered":"<p>Solu\u00e7\u00f5es de automa\u00e7\u00e3o industrial adequadas \u00e0 sua ind\u00fastria.Ver \u00e1reas de a\u00e7\u00e3oEquipa consciente, focada em efici\u00eancia e fiabilidade.Sobre n\u00f3sNa STINF trabalhamos com aten\u00e7\u00e3o ao detalhe e foco na solu\u00e7\u00e3o.Sobre n\u00f3sO que oferecemos \u00e9 simples: solu\u00e7\u00f5es fi\u00e1veis, adequadas e feitas para funcionar.Sobre n\u00f3s Assist\u00eancia T\u00e9cnica a Equipamentos Industriais Retrofitting e Integra\u00e7\u00e3o CNC SIEMENS (SINUMERIK) Automa\u00e7\u00e3o de Processos [&hellip;]<\/p>\n","protected":false},"author":1,"featured_media":0,"parent":0,"menu_order":1,"comment_status":"closed","ping_status":"closed","template":"","meta":{"footnotes":""},"class_list":["post-335","page","type-page","status-publish","hentry"],"yoast_head":"<!-- This site is optimized with the Yoast SEO plugin v27.3 - https:\/\/yoast.com\/product\/yoast-seo-wordpress\/ -->\n<title>Sistemas Industriais - STINF<\/title>\n<meta name=\"robots\" content=\"index, follow, max-snippet:-1, max-image-preview:large, max-video-preview:-1\" \/>\n<link rel=\"canonical\" href=\"https:\/\/stinf.pt\/fr\/\" \/>\n<meta property=\"og:locale\" content=\"fr_FR\" \/>\n<meta property=\"og:type\" content=\"article\" \/>\n<meta property=\"og:title\" content=\"Sistemas Industriais - STINF\" \/>\n<meta property=\"og:description\" content=\"Solu\u00e7\u00f5es de automa\u00e7\u00e3o industrial adequadas \u00e0 sua ind\u00fastria.Ver \u00e1reas de a\u00e7\u00e3oEquipa consciente, focada em efici\u00eancia e fiabilidade.Sobre n\u00f3sNa STINF trabalhamos com aten\u00e7\u00e3o ao detalhe e foco na solu\u00e7\u00e3o.Sobre n\u00f3sO que oferecemos \u00e9 simples: solu\u00e7\u00f5es fi\u00e1veis, adequadas e feitas para funcionar.Sobre n\u00f3s Assist\u00eancia T\u00e9cnica a Equipamentos Industriais Retrofitting e Integra\u00e7\u00e3o CNC SIEMENS (SINUMERIK) Automa\u00e7\u00e3o de Processos [&hellip;]\" \/>\n<meta property=\"og:url\" content=\"https:\/\/stinf.pt\/fr\/\" \/>\n<meta property=\"og:site_name\" content=\"STINF\" \/>\n<meta property=\"article:modified_time\" content=\"2026-04-08T08:45:20+00:00\" \/>\n<meta name=\"twitter:card\" content=\"summary_large_image\" \/>\n<meta name=\"twitter:label1\" content=\"Dur\u00e9e de lecture estim\u00e9e\" \/>\n\t<meta name=\"twitter:data1\" content=\"1 minute\" \/>\n<script type=\"application\/ld+json\" class=\"yoast-schema-graph\">{\"@context\":\"https:\\\/\\\/schema.org\",\"@graph\":[{\"@type\":\"WebPage\",\"@id\":\"https:\\\/\\\/stinf.pt\\\/fr\\\/\",\"url\":\"https:\\\/\\\/stinf.pt\\\/fr\\\/\",\"name\":\"Sistemas Industriais - STINF\",\"isPartOf\":{\"@id\":\"https:\\\/\\\/stinf.pt\\\/fr\\\/#website\"},\"primaryImageOfPage\":{\"@id\":\"https:\\\/\\\/stinf.pt\\\/fr\\\/#primaryimage\"},\"image\":{\"@id\":\"https:\\\/\\\/stinf.pt\\\/fr\\\/#primaryimage\"},\"thumbnailUrl\":\"https:\\\/\\\/stinf.pt\\\/wp-content\\\/uploads\\\/2026\\\/02\\\/conveyor_belt_48dp_0D3E43_FILL0_wght400_GRAD0_opsz48.svg\",\"datePublished\":\"2026-02-05T12:34:21+00:00\",\"dateModified\":\"2026-04-08T08:45:20+00:00\",\"breadcrumb\":{\"@id\":\"https:\\\/\\\/stinf.pt\\\/fr\\\/#breadcrumb\"},\"inLanguage\":\"fr-FR\",\"potentialAction\":[{\"@type\":\"ReadAction\",\"target\":[\"https:\\\/\\\/stinf.pt\\\/fr\\\/\"]}]},{\"@type\":\"ImageObject\",\"inLanguage\":\"fr-FR\",\"@id\":\"https:\\\/\\\/stinf.pt\\\/fr\\\/#primaryimage\",\"url\":\"https:\\\/\\\/stinf.pt\\\/wp-content\\\/uploads\\\/2026\\\/02\\\/conveyor_belt_48dp_0D3E43_FILL0_wght400_GRAD0_opsz48.svg\",\"contentUrl\":\"https:\\\/\\\/stinf.pt\\\/wp-content\\\/uploads\\\/2026\\\/02\\\/conveyor_belt_48dp_0D3E43_FILL0_wght400_GRAD0_opsz48.svg\"},{\"@type\":\"BreadcrumbList\",\"@id\":\"https:\\\/\\\/stinf.pt\\\/fr\\\/#breadcrumb\",\"itemListElement\":[{\"@type\":\"ListItem\",\"position\":1,\"name\":\"In\u00edcio\",\"item\":\"https:\\\/\\\/stinf.pt\\\/fr\\\/sistemas-industriais\\\/\"},{\"@type\":\"ListItem\",\"position\":2,\"name\":\"Sistemas Industriais\"}]},{\"@type\":\"WebSite\",\"@id\":\"https:\\\/\\\/stinf.pt\\\/fr\\\/#website\",\"url\":\"https:\\\/\\\/stinf.pt\\\/fr\\\/\",\"name\":\"STINF\",\"description\":\"Sistemas industriais que funcionam\",\"publisher\":{\"@id\":\"https:\\\/\\\/stinf.pt\\\/fr\\\/#organization\"},\"potentialAction\":[{\"@type\":\"SearchAction\",\"target\":{\"@type\":\"EntryPoint\",\"urlTemplate\":\"https:\\\/\\\/stinf.pt\\\/fr\\\/?s={search_term_string}\"},\"query-input\":{\"@type\":\"PropertyValueSpecification\",\"valueRequired\":true,\"valueName\":\"search_term_string\"}}],\"inLanguage\":\"fr-FR\"},{\"@type\":\"Organization\",\"@id\":\"https:\\\/\\\/stinf.pt\\\/fr\\\/#organization\",\"name\":\"STINF\",\"url\":\"https:\\\/\\\/stinf.pt\\\/fr\\\/\",\"logo\":{\"@type\":\"ImageObject\",\"inLanguage\":\"fr-FR\",\"@id\":\"https:\\\/\\\/stinf.pt\\\/fr\\\/#\\\/schema\\\/logo\\\/image\\\/\",\"url\":\"https:\\\/\\\/stinf.pt\\\/wp-content\\\/uploads\\\/2026\\\/02\\\/logo-stinf-light.svg\",\"contentUrl\":\"https:\\\/\\\/stinf.pt\\\/wp-content\\\/uploads\\\/2026\\\/02\\\/logo-stinf-light.svg\",\"width\":400,\"height\":465,\"caption\":\"STINF\"},\"image\":{\"@id\":\"https:\\\/\\\/stinf.pt\\\/fr\\\/#\\\/schema\\\/logo\\\/image\\\/\"}}]}<\/script>\n<!-- \/ Yoast SEO plugin. -->","yoast_head_json":{"title":"Sistemas Industriais - STINF","robots":{"index":"index","follow":"follow","max-snippet":"max-snippet:-1","max-image-preview":"max-image-preview:large","max-video-preview":"max-video-preview:-1"},"canonical":"https:\/\/stinf.pt\/fr\/","og_locale":"fr_FR","og_type":"article","og_title":"Sistemas Industriais - STINF","og_description":"Solu\u00e7\u00f5es de automa\u00e7\u00e3o industrial adequadas \u00e0 sua ind\u00fastria.Ver \u00e1reas de a\u00e7\u00e3oEquipa consciente, focada em efici\u00eancia e fiabilidade.Sobre n\u00f3sNa STINF trabalhamos com aten\u00e7\u00e3o ao detalhe e foco na solu\u00e7\u00e3o.Sobre n\u00f3sO que oferecemos \u00e9 simples: solu\u00e7\u00f5es fi\u00e1veis, adequadas e feitas para funcionar.Sobre n\u00f3s Assist\u00eancia T\u00e9cnica a Equipamentos Industriais Retrofitting e Integra\u00e7\u00e3o CNC SIEMENS (SINUMERIK) Automa\u00e7\u00e3o de Processos [&hellip;]","og_url":"https:\/\/stinf.pt\/fr\/","og_site_name":"STINF","article_modified_time":"2026-04-08T08:45:20+00:00","twitter_card":"summary_large_image","twitter_misc":{"Dur\u00e9e de lecture estim\u00e9e":"1 minute"},"schema":{"@context":"https:\/\/schema.org","@graph":[{"@type":"WebPage","@id":"https:\/\/stinf.pt\/fr\/","url":"https:\/\/stinf.pt\/fr\/","name":"Sistemas Industriais - STINF","isPartOf":{"@id":"https:\/\/stinf.pt\/fr\/#website"},"primaryImageOfPage":{"@id":"https:\/\/stinf.pt\/fr\/#primaryimage"},"image":{"@id":"https:\/\/stinf.pt\/fr\/#primaryimage"},"thumbnailUrl":"https:\/\/stinf.pt\/wp-content\/uploads\/2026\/02\/conveyor_belt_48dp_0D3E43_FILL0_wght400_GRAD0_opsz48.svg","datePublished":"2026-02-05T12:34:21+00:00","dateModified":"2026-04-08T08:45:20+00:00","breadcrumb":{"@id":"https:\/\/stinf.pt\/fr\/#breadcrumb"},"inLanguage":"fr-FR","potentialAction":[{"@type":"ReadAction","target":["https:\/\/stinf.pt\/fr\/"]}]},{"@type":"ImageObject","inLanguage":"fr-FR","@id":"https:\/\/stinf.pt\/fr\/#primaryimage","url":"https:\/\/stinf.pt\/wp-content\/uploads\/2026\/02\/conveyor_belt_48dp_0D3E43_FILL0_wght400_GRAD0_opsz48.svg","contentUrl":"https:\/\/stinf.pt\/wp-content\/uploads\/2026\/02\/conveyor_belt_48dp_0D3E43_FILL0_wght400_GRAD0_opsz48.svg"},{"@type":"BreadcrumbList","@id":"https:\/\/stinf.pt\/fr\/#breadcrumb","itemListElement":[{"@type":"ListItem","position":1,"name":"In\u00edcio","item":"https:\/\/stinf.pt\/fr\/sistemas-industriais\/"},{"@type":"ListItem","position":2,"name":"Sistemas Industriais"}]},{"@type":"WebSite","@id":"https:\/\/stinf.pt\/fr\/#website","url":"https:\/\/stinf.pt\/fr\/","name":"STINF","description":"Sistemas industriais que funcionam","publisher":{"@id":"https:\/\/stinf.pt\/fr\/#organization"},"potentialAction":[{"@type":"SearchAction","target":{"@type":"EntryPoint","urlTemplate":"https:\/\/stinf.pt\/fr\/?s={search_term_string}"},"query-input":{"@type":"PropertyValueSpecification","valueRequired":true,"valueName":"search_term_string"}}],"inLanguage":"fr-FR"},{"@type":"Organization","@id":"https:\/\/stinf.pt\/fr\/#organization","name":"STINF","url":"https:\/\/stinf.pt\/fr\/","logo":{"@type":"ImageObject","inLanguage":"fr-FR","@id":"https:\/\/stinf.pt\/fr\/#\/schema\/logo\/image\/","url":"https:\/\/stinf.pt\/wp-content\/uploads\/2026\/02\/logo-stinf-light.svg","contentUrl":"https:\/\/stinf.pt\/wp-content\/uploads\/2026\/02\/logo-stinf-light.svg","width":400,"height":465,"caption":"STINF"},"image":{"@id":"https:\/\/stinf.pt\/fr\/#\/schema\/logo\/image\/"}}]}},"_links":{"self":[{"href":"https:\/\/stinf.pt\/fr\/wp-json\/wp\/v2\/pages\/335","targetHints":{"allow":["GET"]}}],"collection":[{"href":"https:\/\/stinf.pt\/fr\/wp-json\/wp\/v2\/pages"}],"about":[{"href":"https:\/\/stinf.pt\/fr\/wp-json\/wp\/v2\/types\/page"}],"author":[{"embeddable":true,"href":"https:\/\/stinf.pt\/fr\/wp-json\/wp\/v2\/users\/1"}],"replies":[{"embeddable":true,"href":"https:\/\/stinf.pt\/fr\/wp-json\/wp\/v2\/comments?post=335"}],"version-history":[{"count":1,"href":"https:\/\/stinf.pt\/fr\/wp-json\/wp\/v2\/pages\/335\/revisions"}],"predecessor-version":[{"id":336,"href":"https:\/\/stinf.pt\/fr\/wp-json\/wp\/v2\/pages\/335\/revisions\/336"}],"wp:attachment":[{"href":"https:\/\/stinf.pt\/fr\/wp-json\/wp\/v2\/media?parent=335"}],"curies":[{"name":"wp","href":"https:\/\/api.w.org\/{rel}","templated":true}]}}