{"id":366,"date":"2026-02-16T11:39:44","date_gmt":"2026-02-16T11:39:44","guid":{"rendered":"https:\/\/stinf.pt\/areas-de-acao\/assistencia-tecnica-a-equipamentos-industriais\/"},"modified":"2026-04-08T09:50:13","modified_gmt":"2026-04-08T08:50:13","slug":"assistencia-tecnica-a-equipamentos-industriais","status":"publish","type":"page","link":"https:\/\/stinf.pt\/es\/areas-de-acao\/assistencia-tecnica-a-equipamentos-industriais\/","title":{"rendered":"Assist\u00eancia T\u00e9cnica a Equipamentos Industriais"},"content":{"rendered":"\t\t<div data-elementor-type=\"wp-page\" data-elementor-id=\"366\" class=\"elementor elementor-366 elementor-135\" data-elementor-post-type=\"page\">\n\t\t\t\t<div class=\"elementor-element elementor-element-dc3eaa7 e-con-full e-flex e-con e-parent\" data-id=\"dc3eaa7\" data-element_type=\"container\" data-e-type=\"container\">\n\t\t<div class=\"elementor-element elementor-element-ba91c9c e-con-full e-flex e-con e-child\" data-id=\"ba91c9c\" data-element_type=\"container\" data-e-type=\"container\" data-settings=\"{&quot;background_background&quot;:&quot;classic&quot;}\">\n\t\t<div class=\"elementor-element elementor-element-414034d e-con-full e-flex e-con e-child\" data-id=\"414034d\" data-element_type=\"container\" data-e-type=\"container\">\n\t\t\t\t<div class=\"elementor-element elementor-element-8176731 elementor-widget elementor-widget-heading\" data-id=\"8176731\" data-element_type=\"widget\" data-e-type=\"widget\" data-widget_type=\"heading.default\">\n\t\t\t\t\t<h1 class=\"elementor-heading-title elementor-size-default\">Assist\u00eancia T\u00e9cnica a Equipamentos Industriais<\/h1>\t\t\t\t<\/div>\n\t\t\t\t<\/div>\n\t\t\t\t<\/div>\n\t\t\t\t<\/div>\n\t\t<div class=\"elementor-element elementor-element-fcbf7e7 e-con-full e-flex e-con e-parent\" data-id=\"fcbf7e7\" data-element_type=\"container\" data-e-type=\"container\">\n\t\t<div class=\"elementor-element elementor-element-c2048c9 e-con-full e-flex e-con e-child\" data-id=\"c2048c9\" data-element_type=\"container\" data-e-type=\"container\" data-settings=\"{&quot;background_background&quot;:&quot;classic&quot;}\">\n\t\t<div class=\"elementor-element elementor-element-3f99f90 e-con-full e-flex e-con e-child\" data-id=\"3f99f90\" data-element_type=\"container\" data-e-type=\"container\">\n\t\t\t\t<div class=\"elementor-element elementor-element-efedf71 elementor-widget elementor-widget-text-editor\" data-id=\"efedf71\" data-element_type=\"widget\" data-e-type=\"widget\" data-widget_type=\"text-editor.default\">\n\t\t\t\t\t\t\t\t\t<p>Assistimos equipamentos industriais com rapidez, rigor e foco na continuidade da produ\u00e7\u00e3o. Diagnosticamos falhas, resolvemos avarias e restauramos o funcionamento das m\u00e1quinas com seguran\u00e7a e efici\u00eancia.<\/p>\t\t\t\t\t\t\t\t<\/div>\n\t\t\t\t<div class=\"elementor-element elementor-element-fbd95fa elementor-widget elementor-widget-heading\" data-id=\"fbd95fa\" data-element_type=\"widget\" data-e-type=\"widget\" data-widget_type=\"heading.default\">\n\t\t\t\t\t<h2 class=\"elementor-heading-title elementor-size-default\">Servi\u00e7os<\/h2>\t\t\t\t<\/div>\n\t\t\t\t<div class=\"elementor-element elementor-element-76da311 elementor-icon-list--layout-traditional elementor-list-item-link-full_width elementor-widget elementor-widget-icon-list\" data-id=\"76da311\" data-element_type=\"widget\" data-e-type=\"widget\" data-widget_type=\"icon-list.default\">\n\t\t\t\t\t\t\t<ul class=\"elementor-icon-list-items\">\n\t\t\t\t\t\t\t<li class=\"elementor-icon-list-item\">\n\t\t\t\t\t\t\t\t\t\t\t<span class=\"elementor-icon-list-icon\">\n\t\t\t\t\t\t\t<svg aria-hidden=\"true\" class=\"e-font-icon-svg e-fas-check\" viewBox=\"0 0 512 512\" xmlns=\"http:\/\/www.w3.org\/2000\/svg\"><path d=\"M173.898 439.404l-166.4-166.4c-9.997-9.997-9.997-26.206 0-36.204l36.203-36.204c9.997-9.998 26.207-9.998 36.204 0L192 312.69 432.095 72.596c9.997-9.997 26.207-9.997 36.204 0l36.203 36.204c9.997 9.997 9.997 26.206 0 36.204l-294.4 294.401c-9.998 9.997-26.207 9.997-36.204-.001z\"><\/path><\/svg>\t\t\t\t\t\t<\/span>\n\t\t\t\t\t\t\t\t\t\t<span class=\"elementor-icon-list-text\">Diagn\u00f3stico e repara\u00e7\u00e3o de avarias<\/span>\n\t\t\t\t\t\t\t\t\t<\/li>\n\t\t\t\t\t\t\t\t<li class=\"elementor-icon-list-item\">\n\t\t\t\t\t\t\t\t\t\t\t<span class=\"elementor-icon-list-icon\">\n\t\t\t\t\t\t\t<svg aria-hidden=\"true\" class=\"e-font-icon-svg e-fas-check\" viewBox=\"0 0 512 512\" xmlns=\"http:\/\/www.w3.org\/2000\/svg\"><path d=\"M173.898 439.404l-166.4-166.4c-9.997-9.997-9.997-26.206 0-36.204l36.203-36.204c9.997-9.998 26.207-9.998 36.204 0L192 312.69 432.095 72.596c9.997-9.997 26.207-9.997 36.204 0l36.203 36.204c9.997 9.997 9.997 26.206 0 36.204l-294.4 294.401c-9.998 9.997-26.207 9.997-36.204-.001z\"><\/path><\/svg>\t\t\t\t\t\t<\/span>\n\t\t\t\t\t\t\t\t\t\t<span class=\"elementor-icon-list-text\">Manuten\u00e7\u00e3o preventiva e corretiva<\/span>\n\t\t\t\t\t\t\t\t\t<\/li>\n\t\t\t\t\t\t\t\t<li class=\"elementor-icon-list-item\">\n\t\t\t\t\t\t\t\t\t\t\t<span class=\"elementor-icon-list-icon\">\n\t\t\t\t\t\t\t<svg aria-hidden=\"true\" class=\"e-font-icon-svg e-fas-check\" viewBox=\"0 0 512 512\" xmlns=\"http:\/\/www.w3.org\/2000\/svg\"><path d=\"M173.898 439.404l-166.4-166.4c-9.997-9.997-9.997-26.206 0-36.204l36.203-36.204c9.997-9.998 26.207-9.998 36.204 0L192 312.69 432.095 72.596c9.997-9.997 26.207-9.997 36.204 0l36.203 36.204c9.997 9.997 9.997 26.206 0 36.204l-294.4 294.401c-9.998 9.997-26.207 9.997-36.204-.001z\"><\/path><\/svg>\t\t\t\t\t\t<\/span>\n\t\t\t\t\t\t\t\t\t\t<span class=\"elementor-icon-list-text\">Ajustes, calibra\u00e7\u00f5es e otimiza\u00e7\u00f5es de m\u00e1quinas<\/span>\n\t\t\t\t\t\t\t\t\t<\/li>\n\t\t\t\t\t\t\t\t<li class=\"elementor-icon-list-item\">\n\t\t\t\t\t\t\t\t\t\t\t<span class=\"elementor-icon-list-icon\">\n\t\t\t\t\t\t\t<svg aria-hidden=\"true\" class=\"e-font-icon-svg e-fas-check\" viewBox=\"0 0 512 512\" xmlns=\"http:\/\/www.w3.org\/2000\/svg\"><path d=\"M173.898 439.404l-166.4-166.4c-9.997-9.997-9.997-26.206 0-36.204l36.203-36.204c9.997-9.998 26.207-9.998 36.204 0L192 312.69 432.095 72.596c9.997-9.997 26.207-9.997 36.204 0l36.203 36.204c9.997 9.997 9.997 26.206 0 36.204l-294.4 294.401c-9.998 9.997-26.207 9.997-36.204-.001z\"><\/path><\/svg>\t\t\t\t\t\t<\/span>\n\t\t\t\t\t\t\t\t\t\t<span class=\"elementor-icon-list-text\">Substitui\u00e7\u00e3o de componentes e revis\u00e3o mec\u00e2nica\/eletr\u00f3nica<\/span>\n\t\t\t\t\t\t\t\t\t<\/li>\n\t\t\t\t\t\t\t\t<li class=\"elementor-icon-list-item\">\n\t\t\t\t\t\t\t\t\t\t\t<span class=\"elementor-icon-list-icon\">\n\t\t\t\t\t\t\t<svg aria-hidden=\"true\" class=\"e-font-icon-svg e-fas-check\" viewBox=\"0 0 512 512\" xmlns=\"http:\/\/www.w3.org\/2000\/svg\"><path d=\"M173.898 439.404l-166.4-166.4c-9.997-9.997-9.997-26.206 0-36.204l36.203-36.204c9.997-9.998 26.207-9.998 36.204 0L192 312.69 432.095 72.596c9.997-9.997 26.207-9.997 36.204 0l36.203 36.204c9.997 9.997 9.997 26.206 0 36.204l-294.4 294.401c-9.998 9.997-26.207 9.997-36.204-.001z\"><\/path><\/svg>\t\t\t\t\t\t<\/span>\n\t\t\t\t\t\t\t\t\t\t<span class=\"elementor-icon-list-text\">Assist\u00eancia em campo e suporte p\u00f3s-interven\u00e7\u00e3o<\/span>\n\t\t\t\t\t\t\t\t\t<\/li>\n\t\t\t\t\t\t<\/ul>\n\t\t\t\t\t\t<\/div>\n\t\t\t\t<\/div>\n\t\t<div class=\"elementor-element elementor-element-25e7508 e-con-full e-flex e-con e-child\" data-id=\"25e7508\" data-element_type=\"container\" data-e-type=\"container\" data-settings=\"{&quot;background_background&quot;:&quot;classic&quot;}\">\n\t\t\t\t<\/div>\n\t\t\t\t<\/div>\n\t\t\t\t<\/div>\n\t\t<div class=\"elementor-element elementor-element-6832eb7 e-con-full e-flex e-con e-parent\" data-id=\"6832eb7\" data-element_type=\"container\" data-e-type=\"container\">\n\t\t<div class=\"elementor-element elementor-element-4708724 e-con-full e-flex e-con e-child\" data-id=\"4708724\" data-element_type=\"container\" data-e-type=\"container\" data-settings=\"{&quot;background_background&quot;:&quot;classic&quot;}\">\n\t\t<div class=\"elementor-element elementor-element-41986c2 e-con-full e-flex e-con e-child\" data-id=\"41986c2\" data-element_type=\"container\" data-e-type=\"container\">\n\t\t\t\t<div class=\"elementor-element elementor-element-e869212 elementor-widget elementor-widget-heading\" data-id=\"e869212\" data-element_type=\"widget\" data-e-type=\"widget\" data-widget_type=\"heading.default\">\n\t\t\t\t\t<h2 class=\"elementor-heading-title elementor-size-default\">Fale connosco.<\/h2>\t\t\t\t<\/div>\n\t\t\t\t<div class=\"elementor-element elementor-element-9b02539 elementor-widget elementor-widget-text-editor\" data-id=\"9b02539\" data-element_type=\"widget\" data-e-type=\"widget\" data-widget_type=\"text-editor.default\">\n\t\t\t\t\t\t\t\t\t<p>Estamos dispon\u00edveis para esclarecer d\u00favidas, analisar necessidades espec\u00edficas ou preparar uma proposta para o seu projeto.<\/p><p>Trabalhamos a partir da regi\u00e3o Norte, com interven\u00e7\u00e3o em todo o pa\u00eds. Tamb\u00e9m fazemos interven\u00e7\u00f5es em Espanha, Fran\u00e7a e Alemanha.<\/p>\t\t\t\t\t\t\t\t<\/div>\n\t\t\t\t<\/div>\n\t\t<div class=\"elementor-element elementor-element-63d61a6 e-con-full e-flex e-con e-child\" data-id=\"63d61a6\" data-element_type=\"container\" data-e-type=\"container\">\n\t\t\t\t<div class=\"elementor-element elementor-element-ffd42a1 elementor-button-align-start elementor-widget elementor-widget-form\" data-id=\"ffd42a1\" data-element_type=\"widget\" data-e-type=\"widget\" data-settings=\"{&quot;step_next_label&quot;:&quot;Seguinte&quot;,&quot;step_previous_label&quot;:&quot;Anterior&quot;,&quot;button_width&quot;:&quot;100&quot;,&quot;step_type&quot;:&quot;number_text&quot;,&quot;step_icon_shape&quot;:&quot;circle&quot;}\" data-widget_type=\"form.default\">\n\t\t\t\t\t\t\t<form class=\"elementor-form\" method=\"post\" name=\"Contacte-nos\" aria-label=\"Contacte-nos\">\n\t\t\t<input type=\"hidden\" name=\"post_id\" value=\"366\"\/>\n\t\t\t<input type=\"hidden\" name=\"form_id\" value=\"ffd42a1\"\/>\n\t\t\t<input type=\"hidden\" name=\"referer_title\" value=\"STINF\" \/>\n\n\t\t\t\n\t\t\t<div class=\"elementor-form-fields-wrapper elementor-labels-\">\n\t\t\t\t\t\t\t\t<div class=\"elementor-field-type-text elementor-field-group elementor-column elementor-field-group-nome elementor-col-100\">\n\t\t\t\t\t\t\t\t\t\t\t\t<label for=\"form-field-nome\" class=\"elementor-field-label elementor-screen-only\">\n\t\t\t\t\t\t\t\tNome\t\t\t\t\t\t\t<\/label>\n\t\t\t\t\t\t\t\t\t\t\t\t\t\t<input size=\"1\" type=\"text\" name=\"form_fields[nome]\" id=\"form-field-nome\" class=\"elementor-field elementor-size-sm  elementor-field-textual\" placeholder=\"Nome\">\n\t\t\t\t\t\t\t\t\t\t\t<\/div>\n\t\t\t\t\t\t\t\t<div class=\"elementor-field-type-text elementor-field-group elementor-column elementor-field-group-empresa elementor-col-100\">\n\t\t\t\t\t\t\t\t\t\t\t\t<label for=\"form-field-empresa\" class=\"elementor-field-label elementor-screen-only\">\n\t\t\t\t\t\t\t\tEmpresa\t\t\t\t\t\t\t<\/label>\n\t\t\t\t\t\t\t\t\t\t\t\t\t\t<input size=\"1\" type=\"text\" name=\"form_fields[empresa]\" id=\"form-field-empresa\" class=\"elementor-field elementor-size-sm  elementor-field-textual\" placeholder=\"Empresa\">\n\t\t\t\t\t\t\t\t\t\t\t<\/div>\n\t\t\t\t\t\t\t\t<div class=\"elementor-field-type-email elementor-field-group elementor-column elementor-field-group-email elementor-col-100 elementor-field-required\">\n\t\t\t\t\t\t\t\t\t\t\t\t<label for=\"form-field-email\" class=\"elementor-field-label elementor-screen-only\">\n\t\t\t\t\t\t\t\tE-mail\t\t\t\t\t\t\t<\/label>\n\t\t\t\t\t\t\t\t\t\t\t\t\t\t<input size=\"1\" type=\"email\" name=\"form_fields[email]\" id=\"form-field-email\" class=\"elementor-field elementor-size-sm  elementor-field-textual\" placeholder=\"E-mail\" required=\"required\">\n\t\t\t\t\t\t\t\t\t\t\t<\/div>\n\t\t\t\t\t\t\t\t<div class=\"elementor-field-type-textarea elementor-field-group elementor-column elementor-field-group-mensagem elementor-col-100\">\n\t\t\t\t\t\t\t\t\t\t\t\t<label for=\"form-field-mensagem\" class=\"elementor-field-label elementor-screen-only\">\n\t\t\t\t\t\t\t\tMensagem\t\t\t\t\t\t\t<\/label>\n\t\t\t\t\t\t<textarea class=\"elementor-field-textual elementor-field  elementor-size-sm\" name=\"form_fields[mensagem]\" id=\"form-field-mensagem\" rows=\"4\" placeholder=\"Mensagem\"><\/textarea>\t\t\t\t<\/div>\n\t\t\t\t\t\t\t\t<div class=\"elementor-field-type-acceptance elementor-field-group elementor-column elementor-field-group-rgpd elementor-col-100\">\n\t\t\t\t\t\t\t\t\t\t\t\t<label for=\"form-field-rgpd\" class=\"elementor-field-label elementor-screen-only\">\n\t\t\t\t\t\t\t\tRGPD\t\t\t\t\t\t\t<\/label>\n\t\t\t\t\t\t\t\t<div class=\"elementor-field-subgroup\">\n\t\t\t<span class=\"elementor-field-option\">\n\t\t\t\t<input type=\"checkbox\" name=\"form_fields[rgpd]\" id=\"form-field-rgpd\" class=\"elementor-field elementor-size-sm  elementor-acceptance-field\">\n\t\t\t\t<label for=\"form-field-rgpd\">Li e aceito a pol\u00edtica de privacidade da STINF<\/label>\t\t\t<\/span>\n\t\t<\/div>\n\t\t\t\t\t\t<\/div>\n\t\t\t\t\t\t\t\t<div class=\"elementor-field-group elementor-column elementor-field-type-submit elementor-col-100 e-form__buttons\">\n\t\t\t\t\t<button class=\"elementor-button elementor-size-sm\" type=\"submit\">\n\t\t\t\t\t\t<span class=\"elementor-button-content-wrapper\">\n\t\t\t\t\t\t\t\t\t\t\t\t\t\t\t\t\t\t\t\t\t\t<span class=\"elementor-button-text\">Contactar<\/span>\n\t\t\t\t\t\t\t\t\t\t\t\t\t<\/span>\n\t\t\t\t\t<\/button>\n\t\t\t\t<\/div>\n\t\t\t<\/div>\n\t\t<\/form>\n\t\t\t\t\t\t<\/div>\n\t\t\t\t<\/div>\n\t\t\t\t<\/div>\n\t\t\t\t<\/div>\n\t\t\t\t<\/div>\n\t\t","protected":false},"excerpt":{"rendered":"<p>Assistimos equipamentos industriais com rapidez, rigor e foco na continuidade da produ\u00e7\u00e3o. Diagnosticamos falhas, resolvemos avarias e restauramos o funcionamento das m\u00e1quinas com seguran\u00e7a e efici\u00eancia. Servi\u00e7os Diagn\u00f3stico e repara\u00e7\u00e3o de avarias Manuten\u00e7\u00e3o preventiva e corretiva Ajustes, calibra\u00e7\u00f5es e otimiza\u00e7\u00f5es de m\u00e1quinas Substitui\u00e7\u00e3o de componentes e revis\u00e3o mec\u00e2nica\/eletr\u00f3nica Assist\u00eancia em campo e suporte p\u00f3s-interven\u00e7\u00e3o Fale [&hellip;]<\/p>\n","protected":false},"author":1,"featured_media":0,"parent":360,"menu_order":1,"comment_status":"closed","ping_status":"closed","template":"","meta":{"footnotes":""},"class_list":["post-366","page","type-page","status-publish","hentry"],"yoast_head":"<!-- This site is optimized with the Yoast SEO plugin v27.3 - https:\/\/yoast.com\/product\/yoast-seo-wordpress\/ -->\n<title>Assist\u00eancia T\u00e9cnica a Equipamentos Industriais - STINF<\/title>\n<meta name=\"robots\" content=\"index, follow, max-snippet:-1, max-image-preview:large, max-video-preview:-1\" \/>\n<link rel=\"canonical\" href=\"https:\/\/stinf.pt\/es\/areas-de-acao\/assistencia-tecnica-a-equipamentos-industriais\/\" \/>\n<meta property=\"og:locale\" content=\"es_ES\" \/>\n<meta property=\"og:type\" content=\"article\" \/>\n<meta property=\"og:title\" content=\"Assist\u00eancia T\u00e9cnica a Equipamentos Industriais - STINF\" \/>\n<meta property=\"og:description\" content=\"Assistimos equipamentos industriais com rapidez, rigor e foco na continuidade da produ\u00e7\u00e3o. Diagnosticamos falhas, resolvemos avarias e restauramos o funcionamento das m\u00e1quinas com seguran\u00e7a e efici\u00eancia. Servi\u00e7os Diagn\u00f3stico e repara\u00e7\u00e3o de avarias Manuten\u00e7\u00e3o preventiva e corretiva Ajustes, calibra\u00e7\u00f5es e otimiza\u00e7\u00f5es de m\u00e1quinas Substitui\u00e7\u00e3o de componentes e revis\u00e3o mec\u00e2nica\/eletr\u00f3nica Assist\u00eancia em campo e suporte p\u00f3s-interven\u00e7\u00e3o Fale [&hellip;]\" \/>\n<meta property=\"og:url\" content=\"https:\/\/stinf.pt\/es\/areas-de-acao\/assistencia-tecnica-a-equipamentos-industriais\/\" \/>\n<meta property=\"og:site_name\" content=\"STINF\" \/>\n<meta property=\"article:modified_time\" content=\"2026-04-08T08:50:13+00:00\" \/>\n<meta name=\"twitter:card\" content=\"summary_large_image\" \/>\n<meta name=\"twitter:label1\" content=\"Tiempo de lectura\" \/>\n\t<meta name=\"twitter:data1\" content=\"1 minuto\" \/>\n<script type=\"application\/ld+json\" class=\"yoast-schema-graph\">{\"@context\":\"https:\\\/\\\/schema.org\",\"@graph\":[{\"@type\":\"WebPage\",\"@id\":\"https:\\\/\\\/stinf.pt\\\/es\\\/areas-de-acao\\\/assistencia-tecnica-a-equipamentos-industriais\\\/\",\"url\":\"https:\\\/\\\/stinf.pt\\\/es\\\/areas-de-acao\\\/assistencia-tecnica-a-equipamentos-industriais\\\/\",\"name\":\"Assist\u00eancia T\u00e9cnica a Equipamentos Industriais - STINF\",\"isPartOf\":{\"@id\":\"https:\\\/\\\/stinf.pt\\\/es\\\/#website\"},\"datePublished\":\"2026-02-16T11:39:44+00:00\",\"dateModified\":\"2026-04-08T08:50:13+00:00\",\"breadcrumb\":{\"@id\":\"https:\\\/\\\/stinf.pt\\\/es\\\/areas-de-acao\\\/assistencia-tecnica-a-equipamentos-industriais\\\/#breadcrumb\"},\"inLanguage\":\"es\",\"potentialAction\":[{\"@type\":\"ReadAction\",\"target\":[\"https:\\\/\\\/stinf.pt\\\/es\\\/areas-de-acao\\\/assistencia-tecnica-a-equipamentos-industriais\\\/\"]}]},{\"@type\":\"BreadcrumbList\",\"@id\":\"https:\\\/\\\/stinf.pt\\\/es\\\/areas-de-acao\\\/assistencia-tecnica-a-equipamentos-industriais\\\/#breadcrumb\",\"itemListElement\":[{\"@type\":\"ListItem\",\"position\":1,\"name\":\"In\u00edcio\",\"item\":\"https:\\\/\\\/stinf.pt\\\/es\\\/sistemas-industriais\\\/\"},{\"@type\":\"ListItem\",\"position\":2,\"name\":\"\u00c1reas de A\u00e7\u00e3o\",\"item\":\"https:\\\/\\\/stinf.pt\\\/es\\\/areas-de-acao\\\/\"},{\"@type\":\"ListItem\",\"position\":3,\"name\":\"Assist\u00eancia T\u00e9cnica a Equipamentos Industriais\"}]},{\"@type\":\"WebSite\",\"@id\":\"https:\\\/\\\/stinf.pt\\\/es\\\/#website\",\"url\":\"https:\\\/\\\/stinf.pt\\\/es\\\/\",\"name\":\"STINF\",\"description\":\"Sistemas industriais que funcionam\",\"publisher\":{\"@id\":\"https:\\\/\\\/stinf.pt\\\/es\\\/#organization\"},\"potentialAction\":[{\"@type\":\"SearchAction\",\"target\":{\"@type\":\"EntryPoint\",\"urlTemplate\":\"https:\\\/\\\/stinf.pt\\\/es\\\/?s={search_term_string}\"},\"query-input\":{\"@type\":\"PropertyValueSpecification\",\"valueRequired\":true,\"valueName\":\"search_term_string\"}}],\"inLanguage\":\"es\"},{\"@type\":\"Organization\",\"@id\":\"https:\\\/\\\/stinf.pt\\\/es\\\/#organization\",\"name\":\"STINF\",\"url\":\"https:\\\/\\\/stinf.pt\\\/es\\\/\",\"logo\":{\"@type\":\"ImageObject\",\"inLanguage\":\"es\",\"@id\":\"https:\\\/\\\/stinf.pt\\\/es\\\/#\\\/schema\\\/logo\\\/image\\\/\",\"url\":\"https:\\\/\\\/stinf.pt\\\/wp-content\\\/uploads\\\/2026\\\/02\\\/logo-stinf-light.svg\",\"contentUrl\":\"https:\\\/\\\/stinf.pt\\\/wp-content\\\/uploads\\\/2026\\\/02\\\/logo-stinf-light.svg\",\"width\":400,\"height\":465,\"caption\":\"STINF\"},\"image\":{\"@id\":\"https:\\\/\\\/stinf.pt\\\/es\\\/#\\\/schema\\\/logo\\\/image\\\/\"}}]}<\/script>\n<!-- \/ Yoast SEO plugin. -->","yoast_head_json":{"title":"Assist\u00eancia T\u00e9cnica a Equipamentos Industriais - STINF","robots":{"index":"index","follow":"follow","max-snippet":"max-snippet:-1","max-image-preview":"max-image-preview:large","max-video-preview":"max-video-preview:-1"},"canonical":"https:\/\/stinf.pt\/es\/areas-de-acao\/assistencia-tecnica-a-equipamentos-industriais\/","og_locale":"es_ES","og_type":"article","og_title":"Assist\u00eancia T\u00e9cnica a Equipamentos Industriais - STINF","og_description":"Assistimos equipamentos industriais com rapidez, rigor e foco na continuidade da produ\u00e7\u00e3o. Diagnosticamos falhas, resolvemos avarias e restauramos o funcionamento das m\u00e1quinas com seguran\u00e7a e efici\u00eancia. Servi\u00e7os Diagn\u00f3stico e repara\u00e7\u00e3o de avarias Manuten\u00e7\u00e3o preventiva e corretiva Ajustes, calibra\u00e7\u00f5es e otimiza\u00e7\u00f5es de m\u00e1quinas Substitui\u00e7\u00e3o de componentes e revis\u00e3o mec\u00e2nica\/eletr\u00f3nica Assist\u00eancia em campo e suporte p\u00f3s-interven\u00e7\u00e3o Fale [&hellip;]","og_url":"https:\/\/stinf.pt\/es\/areas-de-acao\/assistencia-tecnica-a-equipamentos-industriais\/","og_site_name":"STINF","article_modified_time":"2026-04-08T08:50:13+00:00","twitter_card":"summary_large_image","twitter_misc":{"Tiempo de lectura":"1 minuto"},"schema":{"@context":"https:\/\/schema.org","@graph":[{"@type":"WebPage","@id":"https:\/\/stinf.pt\/es\/areas-de-acao\/assistencia-tecnica-a-equipamentos-industriais\/","url":"https:\/\/stinf.pt\/es\/areas-de-acao\/assistencia-tecnica-a-equipamentos-industriais\/","name":"Assist\u00eancia T\u00e9cnica a Equipamentos Industriais - STINF","isPartOf":{"@id":"https:\/\/stinf.pt\/es\/#website"},"datePublished":"2026-02-16T11:39:44+00:00","dateModified":"2026-04-08T08:50:13+00:00","breadcrumb":{"@id":"https:\/\/stinf.pt\/es\/areas-de-acao\/assistencia-tecnica-a-equipamentos-industriais\/#breadcrumb"},"inLanguage":"es","potentialAction":[{"@type":"ReadAction","target":["https:\/\/stinf.pt\/es\/areas-de-acao\/assistencia-tecnica-a-equipamentos-industriais\/"]}]},{"@type":"BreadcrumbList","@id":"https:\/\/stinf.pt\/es\/areas-de-acao\/assistencia-tecnica-a-equipamentos-industriais\/#breadcrumb","itemListElement":[{"@type":"ListItem","position":1,"name":"In\u00edcio","item":"https:\/\/stinf.pt\/es\/sistemas-industriais\/"},{"@type":"ListItem","position":2,"name":"\u00c1reas de A\u00e7\u00e3o","item":"https:\/\/stinf.pt\/es\/areas-de-acao\/"},{"@type":"ListItem","position":3,"name":"Assist\u00eancia T\u00e9cnica a Equipamentos Industriais"}]},{"@type":"WebSite","@id":"https:\/\/stinf.pt\/es\/#website","url":"https:\/\/stinf.pt\/es\/","name":"STINF","description":"Sistemas industriais que funcionam","publisher":{"@id":"https:\/\/stinf.pt\/es\/#organization"},"potentialAction":[{"@type":"SearchAction","target":{"@type":"EntryPoint","urlTemplate":"https:\/\/stinf.pt\/es\/?s={search_term_string}"},"query-input":{"@type":"PropertyValueSpecification","valueRequired":true,"valueName":"search_term_string"}}],"inLanguage":"es"},{"@type":"Organization","@id":"https:\/\/stinf.pt\/es\/#organization","name":"STINF","url":"https:\/\/stinf.pt\/es\/","logo":{"@type":"ImageObject","inLanguage":"es","@id":"https:\/\/stinf.pt\/es\/#\/schema\/logo\/image\/","url":"https:\/\/stinf.pt\/wp-content\/uploads\/2026\/02\/logo-stinf-light.svg","contentUrl":"https:\/\/stinf.pt\/wp-content\/uploads\/2026\/02\/logo-stinf-light.svg","width":400,"height":465,"caption":"STINF"},"image":{"@id":"https:\/\/stinf.pt\/es\/#\/schema\/logo\/image\/"}}]}},"_links":{"self":[{"href":"https:\/\/stinf.pt\/es\/wp-json\/wp\/v2\/pages\/366","targetHints":{"allow":["GET"]}}],"collection":[{"href":"https:\/\/stinf.pt\/es\/wp-json\/wp\/v2\/pages"}],"about":[{"href":"https:\/\/stinf.pt\/es\/wp-json\/wp\/v2\/types\/page"}],"author":[{"embeddable":true,"href":"https:\/\/stinf.pt\/es\/wp-json\/wp\/v2\/users\/1"}],"replies":[{"embeddable":true,"href":"https:\/\/stinf.pt\/es\/wp-json\/wp\/v2\/comments?post=366"}],"version-history":[{"count":1,"href":"https:\/\/stinf.pt\/es\/wp-json\/wp\/v2\/pages\/366\/revisions"}],"predecessor-version":[{"id":367,"href":"https:\/\/stinf.pt\/es\/wp-json\/wp\/v2\/pages\/366\/revisions\/367"}],"up":[{"embeddable":true,"href":"https:\/\/stinf.pt\/es\/wp-json\/wp\/v2\/pages\/360"}],"wp:attachment":[{"href":"https:\/\/stinf.pt\/es\/wp-json\/wp\/v2\/media?parent=366"}],"curies":[{"name":"wp","href":"https:\/\/api.w.org\/{rel}","templated":true}]}}