{"id":360,"date":"2026-02-16T11:34:17","date_gmt":"2026-02-16T11:34:17","guid":{"rendered":"https:\/\/stinf.pt\/areas-de-acao\/"},"modified":"2026-04-08T09:48:35","modified_gmt":"2026-04-08T08:48:35","slug":"areas-de-acao","status":"publish","type":"page","link":"https:\/\/stinf.pt\/es\/areas-de-acao\/","title":{"rendered":"\u00c1reas de A\u00e7\u00e3o"},"content":{"rendered":"\t\t<div data-elementor-type=\"wp-page\" data-elementor-id=\"360\" class=\"elementor elementor-360 elementor-127\" data-elementor-post-type=\"page\">\n\t\t\t\t<div class=\"elementor-element elementor-element-ee8478d e-con-full e-flex e-con e-parent\" data-id=\"ee8478d\" data-element_type=\"container\" data-e-type=\"container\">\n\t\t<div class=\"elementor-element elementor-element-48ae079 e-con-full e-flex e-con e-child\" data-id=\"48ae079\" data-element_type=\"container\" data-e-type=\"container\" data-settings=\"{&quot;background_background&quot;:&quot;classic&quot;}\">\n\t\t<div class=\"elementor-element elementor-element-96656c6 e-con-full e-flex e-con e-child\" data-id=\"96656c6\" data-element_type=\"container\" data-e-type=\"container\">\n\t\t\t\t<div class=\"elementor-element elementor-element-cd60250 elementor-widget elementor-widget-heading\" data-id=\"cd60250\" data-element_type=\"widget\" data-e-type=\"widget\" data-widget_type=\"heading.default\">\n\t\t\t\t\t<h1 class=\"elementor-heading-title elementor-size-default\">\u00c1reas de A\u00e7\u00e3o<\/h1>\t\t\t\t<\/div>\n\t\t\t\t<\/div>\n\t\t\t\t<\/div>\n\t\t\t\t<\/div>\n\t\t<div class=\"elementor-element elementor-element-e366d2d e-grid e-con-full e-con e-parent\" data-id=\"e366d2d\" data-element_type=\"container\" data-e-type=\"container\">\n\t\t<a class=\"elementor-element elementor-element-d50ad5a e-con-full e-flex e-con e-child\" data-id=\"d50ad5a\" data-element_type=\"container\" data-e-type=\"container\" data-settings=\"{&quot;background_background&quot;:&quot;classic&quot;}\" href=\"https:\/\/stinf.pt\/areas-de-acao\/assistencia-tecnica-a-equipamentos-industriais\/\" aria-label=\"Mais informa\u00e7\u00f5es sobre assist\u00eancia t\u00e9cnica\">\n\t\t\t\t<div class=\"elementor-element elementor-element-c66189b elementor-position-top elementor-widget elementor-widget-image-box\" data-id=\"c66189b\" data-element_type=\"widget\" data-e-type=\"widget\" data-widget_type=\"image-box.default\">\n\t\t\t\t\t<div class=\"elementor-image-box-wrapper\"><figure class=\"elementor-image-box-img\"><img decoding=\"async\" width=\"48\" height=\"48\" src=\"https:\/\/stinf.pt\/wp-content\/uploads\/2026\/02\/conveyor_belt_48dp_0D3E43_FILL0_wght400_GRAD0_opsz48.svg\" class=\"attachment-full size-full wp-image-341\" alt=\"\" \/><\/figure><div class=\"elementor-image-box-content\"><h3 class=\"elementor-image-box-title\">Assist\u00eancia T\u00e9cnica a Equipamentos Industriais<\/h3><p class=\"elementor-image-box-description\">Assistimos equipamentos industriais com rapidez, rigor e foco na continuidade da produ\u00e7\u00e3o. <\/p><\/div><\/div>\t\t\t\t<\/div>\n\t\t\t\t<\/a>\n\t\t<a class=\"elementor-element elementor-element-7088b90 e-con-full e-flex e-con e-child\" data-id=\"7088b90\" data-element_type=\"container\" data-e-type=\"container\" data-settings=\"{&quot;background_background&quot;:&quot;classic&quot;}\" href=\"https:\/\/stinf.pt\/areas-de-acao\/retrofitting-e-integracao-cnc-siemens-sinumerik\/\" aria-label=\"Mais informa\u00e7\u00f5es sobre retrofitting\">\n\t\t\t\t<div class=\"elementor-element elementor-element-bd35281 elementor-position-top elementor-widget elementor-widget-image-box\" data-id=\"bd35281\" data-element_type=\"widget\" data-e-type=\"widget\" data-widget_type=\"image-box.default\">\n\t\t\t\t\t<div class=\"elementor-image-box-wrapper\"><figure class=\"elementor-image-box-img\"><img decoding=\"async\" width=\"48\" height=\"48\" src=\"https:\/\/stinf.pt\/wp-content\/uploads\/2026\/02\/precision_manufacturing_48dp_0D3E43_FILL0_wght400_GRAD0_opsz48.svg\" class=\"attachment-full size-full wp-image-342\" alt=\"\" \/><\/figure><div class=\"elementor-image-box-content\"><h3 class=\"elementor-image-box-title\">Retrofitting e Integra\u00e7\u00e3o CNC SIEMENS<\/h3><p class=\"elementor-image-box-description\"><strong>(SINUMERIK)<\/strong>\n\n<br>Atualizamos m\u00e1quinas ferramenta para garantir precis\u00e3o, seguran\u00e7a e fiabilidade.<\/p><\/div><\/div>\t\t\t\t<\/div>\n\t\t\t\t<\/a>\n\t\t<a class=\"elementor-element elementor-element-5cecb3d e-con-full e-flex e-con e-child\" data-id=\"5cecb3d\" data-element_type=\"container\" data-e-type=\"container\" data-settings=\"{&quot;background_background&quot;:&quot;classic&quot;}\" href=\"https:\/\/stinf.pt\/areas-de-acao\/automacao-de-processos-construcao-de-equipamentos-perifericos\/\" aria-label=\"Mais informa\u00e7\u00f5es sobre automa\u00e7\u00e3o de processos\">\n\t\t\t\t<div class=\"elementor-element elementor-element-10a982a elementor-position-top elementor-widget elementor-widget-image-box\" data-id=\"10a982a\" data-element_type=\"widget\" data-e-type=\"widget\" data-widget_type=\"image-box.default\">\n\t\t\t\t\t<div class=\"elementor-image-box-wrapper\"><figure class=\"elementor-image-box-img\"><img decoding=\"async\" width=\"48\" height=\"48\" src=\"https:\/\/stinf.pt\/wp-content\/uploads\/2026\/02\/ventilator_48dp_0D3E43_FILL0_wght400_GRAD0_opsz48.svg\" class=\"attachment-full size-full wp-image-343\" alt=\"\" \/><\/figure><div class=\"elementor-image-box-content\"><h3 class=\"elementor-image-box-title\">Automa\u00e7\u00e3o de Processos &amp; Constru\u00e7\u00e3o de Equipamentos Perif\u00e9ricos<\/h3><p class=\"elementor-image-box-description\">Criamos solu\u00e7\u00f5es de automa\u00e7\u00e3o que tornam os processos mais est\u00e1veis, eficientes e seguros. <\/p><\/div><\/div>\t\t\t\t<\/div>\n\t\t\t\t<\/a>\n\t\t<a class=\"elementor-element elementor-element-b3741a0 e-con-full e-flex e-con e-child\" data-id=\"b3741a0\" data-element_type=\"container\" data-e-type=\"container\" data-settings=\"{&quot;background_background&quot;:&quot;classic&quot;}\" href=\"https:\/\/stinf.pt\/areas-de-acao\/projetos-industriais-completos\/\" aria-label=\"Mais informa\u00e7\u00f5es sobre projetos industriais completos\">\n\t\t\t\t<div class=\"elementor-element elementor-element-0d78ced elementor-position-top elementor-widget elementor-widget-image-box\" data-id=\"0d78ced\" data-element_type=\"widget\" data-e-type=\"widget\" data-widget_type=\"image-box.default\">\n\t\t\t\t\t<div class=\"elementor-image-box-wrapper\"><figure class=\"elementor-image-box-img\"><img loading=\"lazy\" decoding=\"async\" width=\"48\" height=\"48\" src=\"https:\/\/stinf.pt\/wp-content\/uploads\/2026\/02\/warehouse_48dp_0D3E43_FILL0_wght400_GRAD0_opsz48.svg\" class=\"attachment-full size-full wp-image-344\" alt=\"\" \/><\/figure><div class=\"elementor-image-box-content\"><h3 class=\"elementor-image-box-title\">Projetos Industriais Completos<\/h3><p class=\"elementor-image-box-description\"><strong>(Chave na M\u00e3o)<\/strong>\n<br>Quando o projeto exige algo \u00fanico, a STINF trata de tudo \u2014 da ideia inicial \u00e0 montagem final. <\/p><\/div><\/div>\t\t\t\t<\/div>\n\t\t\t\t<\/a>\n\t\t\t\t<\/div>\n\t\t<div class=\"elementor-element elementor-element-823b43b e-con-full e-flex e-con e-parent\" data-id=\"823b43b\" data-element_type=\"container\" data-e-type=\"container\">\n\t\t<div class=\"elementor-element elementor-element-f135a12 e-con-full e-flex e-con e-child\" data-id=\"f135a12\" data-element_type=\"container\" data-e-type=\"container\" data-settings=\"{&quot;background_background&quot;:&quot;classic&quot;}\">\n\t\t<div class=\"elementor-element elementor-element-b9e0457 e-con-full e-flex e-con e-child\" data-id=\"b9e0457\" data-element_type=\"container\" data-e-type=\"container\">\n\t\t\t\t<div class=\"elementor-element elementor-element-5b3098a elementor-widget elementor-widget-heading\" data-id=\"5b3098a\" data-element_type=\"widget\" data-e-type=\"widget\" data-widget_type=\"heading.default\">\n\t\t\t\t\t<h2 class=\"elementor-heading-title elementor-size-default\">Fale connosco.<\/h2>\t\t\t\t<\/div>\n\t\t\t\t<div class=\"elementor-element elementor-element-9877cfe elementor-widget elementor-widget-text-editor\" data-id=\"9877cfe\" data-element_type=\"widget\" data-e-type=\"widget\" data-widget_type=\"text-editor.default\">\n\t\t\t\t\t\t\t\t\t<p>Estamos dispon\u00edveis para esclarecer d\u00favidas, analisar necessidades espec\u00edficas ou preparar uma proposta para o seu projeto.<\/p><p>Trabalhamos a partir da regi\u00e3o Norte, com interven\u00e7\u00e3o em todo o pa\u00eds. Tamb\u00e9m fazemos interven\u00e7\u00f5es em Espanha, Fran\u00e7a e Alemanha. <\/p>\t\t\t\t\t\t\t\t<\/div>\n\t\t\t\t<\/div>\n\t\t<div class=\"elementor-element elementor-element-c90ed92 e-con-full e-flex e-con e-child\" data-id=\"c90ed92\" data-element_type=\"container\" data-e-type=\"container\">\n\t\t\t\t<div class=\"elementor-element elementor-element-e9e1595 elementor-button-align-start elementor-widget elementor-widget-form\" data-id=\"e9e1595\" data-element_type=\"widget\" data-e-type=\"widget\" data-settings=\"{&quot;step_next_label&quot;:&quot;Seguinte&quot;,&quot;step_previous_label&quot;:&quot;Anterior&quot;,&quot;button_width&quot;:&quot;100&quot;,&quot;step_type&quot;:&quot;number_text&quot;,&quot;step_icon_shape&quot;:&quot;circle&quot;}\" data-widget_type=\"form.default\">\n\t\t\t\t\t\t\t<form class=\"elementor-form\" method=\"post\" name=\"Contacte-nos\" aria-label=\"Contacte-nos\">\n\t\t\t<input type=\"hidden\" name=\"post_id\" value=\"360\"\/>\n\t\t\t<input type=\"hidden\" name=\"form_id\" value=\"e9e1595\"\/>\n\t\t\t<input type=\"hidden\" name=\"referer_title\" value=\"\u00c1reas de A\u00e7\u00e3o - STINF\" \/>\n\n\t\t\t\t\t\t\t<input type=\"hidden\" name=\"queried_id\" value=\"360\"\/>\n\t\t\t\n\t\t\t<div class=\"elementor-form-fields-wrapper elementor-labels-\">\n\t\t\t\t\t\t\t\t<div class=\"elementor-field-type-text elementor-field-group elementor-column elementor-field-group-nome elementor-col-100\">\n\t\t\t\t\t\t\t\t\t\t\t\t<label for=\"form-field-nome\" class=\"elementor-field-label elementor-screen-only\">\n\t\t\t\t\t\t\t\tNome\t\t\t\t\t\t\t<\/label>\n\t\t\t\t\t\t\t\t\t\t\t\t\t\t<input size=\"1\" type=\"text\" name=\"form_fields[nome]\" id=\"form-field-nome\" class=\"elementor-field elementor-size-sm  elementor-field-textual\" placeholder=\"Nome\">\n\t\t\t\t\t\t\t\t\t\t\t<\/div>\n\t\t\t\t\t\t\t\t<div class=\"elementor-field-type-text elementor-field-group elementor-column elementor-field-group-empresa elementor-col-100\">\n\t\t\t\t\t\t\t\t\t\t\t\t<label for=\"form-field-empresa\" class=\"elementor-field-label elementor-screen-only\">\n\t\t\t\t\t\t\t\tEmpresa\t\t\t\t\t\t\t<\/label>\n\t\t\t\t\t\t\t\t\t\t\t\t\t\t<input size=\"1\" type=\"text\" name=\"form_fields[empresa]\" id=\"form-field-empresa\" class=\"elementor-field elementor-size-sm  elementor-field-textual\" placeholder=\"Empresa\">\n\t\t\t\t\t\t\t\t\t\t\t<\/div>\n\t\t\t\t\t\t\t\t<div class=\"elementor-field-type-email elementor-field-group elementor-column elementor-field-group-email elementor-col-100 elementor-field-required\">\n\t\t\t\t\t\t\t\t\t\t\t\t<label for=\"form-field-email\" class=\"elementor-field-label elementor-screen-only\">\n\t\t\t\t\t\t\t\tE-mail\t\t\t\t\t\t\t<\/label>\n\t\t\t\t\t\t\t\t\t\t\t\t\t\t<input size=\"1\" type=\"email\" name=\"form_fields[email]\" id=\"form-field-email\" class=\"elementor-field elementor-size-sm  elementor-field-textual\" placeholder=\"E-mail\" required=\"required\">\n\t\t\t\t\t\t\t\t\t\t\t<\/div>\n\t\t\t\t\t\t\t\t<div class=\"elementor-field-type-textarea elementor-field-group elementor-column elementor-field-group-mensagem elementor-col-100\">\n\t\t\t\t\t\t\t\t\t\t\t\t<label for=\"form-field-mensagem\" class=\"elementor-field-label elementor-screen-only\">\n\t\t\t\t\t\t\t\tMensagem\t\t\t\t\t\t\t<\/label>\n\t\t\t\t\t\t<textarea class=\"elementor-field-textual elementor-field  elementor-size-sm\" name=\"form_fields[mensagem]\" id=\"form-field-mensagem\" rows=\"4\" placeholder=\"Mensagem\"><\/textarea>\t\t\t\t<\/div>\n\t\t\t\t\t\t\t\t<div class=\"elementor-field-type-acceptance elementor-field-group elementor-column elementor-field-group-rgpd elementor-col-100\">\n\t\t\t\t\t\t\t\t\t\t\t\t<label for=\"form-field-rgpd\" class=\"elementor-field-label elementor-screen-only\">\n\t\t\t\t\t\t\t\tRGPD\t\t\t\t\t\t\t<\/label>\n\t\t\t\t\t\t\t\t<div class=\"elementor-field-subgroup\">\n\t\t\t<span class=\"elementor-field-option\">\n\t\t\t\t<input type=\"checkbox\" name=\"form_fields[rgpd]\" id=\"form-field-rgpd\" class=\"elementor-field elementor-size-sm  elementor-acceptance-field\">\n\t\t\t\t<label for=\"form-field-rgpd\">Li e aceito a pol\u00edtica de privacidade da STINF<\/label>\t\t\t<\/span>\n\t\t<\/div>\n\t\t\t\t\t\t<\/div>\n\t\t\t\t\t\t\t\t<div class=\"elementor-field-group elementor-column elementor-field-type-submit elementor-col-100 e-form__buttons\">\n\t\t\t\t\t<button class=\"elementor-button elementor-size-sm\" type=\"submit\">\n\t\t\t\t\t\t<span class=\"elementor-button-content-wrapper\">\n\t\t\t\t\t\t\t\t\t\t\t\t\t\t\t\t\t\t\t\t\t\t<span class=\"elementor-button-text\">Contactar<\/span>\n\t\t\t\t\t\t\t\t\t\t\t\t\t<\/span>\n\t\t\t\t\t<\/button>\n\t\t\t\t<\/div>\n\t\t\t<\/div>\n\t\t<\/form>\n\t\t\t\t\t\t<\/div>\n\t\t\t\t<\/div>\n\t\t\t\t<\/div>\n\t\t\t\t<\/div>\n\t\t\t\t<\/div>\n\t\t","protected":false},"excerpt":{"rendered":"<p>Assist\u00eancia T\u00e9cnica a Equipamentos Industriais Assistimos equipamentos industriais com rapidez, rigor e foco na continuidade da produ\u00e7\u00e3o. Retrofitting e Integra\u00e7\u00e3o CNC SIEMENS (SINUMERIK) Atualizamos m\u00e1quinas ferramenta para garantir precis\u00e3o, seguran\u00e7a e fiabilidade. Automa\u00e7\u00e3o de Processos &amp; Constru\u00e7\u00e3o de Equipamentos Perif\u00e9ricos Criamos solu\u00e7\u00f5es de automa\u00e7\u00e3o que tornam os processos mais est\u00e1veis, eficientes e seguros. Projetos Industriais [&hellip;]<\/p>\n","protected":false},"author":1,"featured_media":0,"parent":0,"menu_order":3,"comment_status":"closed","ping_status":"closed","template":"","meta":{"footnotes":""},"class_list":["post-360","page","type-page","status-publish","hentry"],"yoast_head":"<!-- This site is optimized with the Yoast SEO plugin v27.3 - https:\/\/yoast.com\/product\/yoast-seo-wordpress\/ -->\n<title>\u00c1reas de A\u00e7\u00e3o - STINF<\/title>\n<meta name=\"robots\" content=\"index, follow, max-snippet:-1, max-image-preview:large, max-video-preview:-1\" \/>\n<link rel=\"canonical\" href=\"https:\/\/stinf.pt\/es\/areas-de-acao\/\" \/>\n<meta property=\"og:locale\" content=\"es_ES\" \/>\n<meta property=\"og:type\" content=\"article\" \/>\n<meta property=\"og:title\" content=\"\u00c1reas de A\u00e7\u00e3o - STINF\" \/>\n<meta property=\"og:description\" content=\"Assist\u00eancia T\u00e9cnica a Equipamentos Industriais Assistimos equipamentos industriais com rapidez, rigor e foco na continuidade da produ\u00e7\u00e3o. Retrofitting e Integra\u00e7\u00e3o CNC SIEMENS (SINUMERIK) Atualizamos m\u00e1quinas ferramenta para garantir precis\u00e3o, seguran\u00e7a e fiabilidade. Automa\u00e7\u00e3o de Processos &amp; Constru\u00e7\u00e3o de Equipamentos Perif\u00e9ricos Criamos solu\u00e7\u00f5es de automa\u00e7\u00e3o que tornam os processos mais est\u00e1veis, eficientes e seguros. Projetos Industriais [&hellip;]\" \/>\n<meta property=\"og:url\" content=\"https:\/\/stinf.pt\/es\/areas-de-acao\/\" \/>\n<meta property=\"og:site_name\" content=\"STINF\" \/>\n<meta property=\"article:modified_time\" content=\"2026-04-08T08:48:35+00:00\" \/>\n<meta name=\"twitter:card\" content=\"summary_large_image\" \/>\n<meta name=\"twitter:label1\" content=\"Tiempo de lectura\" \/>\n\t<meta name=\"twitter:data1\" content=\"1 minuto\" \/>\n<script type=\"application\/ld+json\" class=\"yoast-schema-graph\">{\"@context\":\"https:\\\/\\\/schema.org\",\"@graph\":[{\"@type\":\"WebPage\",\"@id\":\"https:\\\/\\\/stinf.pt\\\/es\\\/areas-de-acao\\\/\",\"url\":\"https:\\\/\\\/stinf.pt\\\/es\\\/areas-de-acao\\\/\",\"name\":\"\u00c1reas de A\u00e7\u00e3o - STINF\",\"isPartOf\":{\"@id\":\"https:\\\/\\\/stinf.pt\\\/es\\\/#website\"},\"primaryImageOfPage\":{\"@id\":\"https:\\\/\\\/stinf.pt\\\/es\\\/areas-de-acao\\\/#primaryimage\"},\"image\":{\"@id\":\"https:\\\/\\\/stinf.pt\\\/es\\\/areas-de-acao\\\/#primaryimage\"},\"thumbnailUrl\":\"https:\\\/\\\/stinf.pt\\\/wp-content\\\/uploads\\\/2026\\\/02\\\/conveyor_belt_48dp_0D3E43_FILL0_wght400_GRAD0_opsz48.svg\",\"datePublished\":\"2026-02-16T11:34:17+00:00\",\"dateModified\":\"2026-04-08T08:48:35+00:00\",\"breadcrumb\":{\"@id\":\"https:\\\/\\\/stinf.pt\\\/es\\\/areas-de-acao\\\/#breadcrumb\"},\"inLanguage\":\"es\",\"potentialAction\":[{\"@type\":\"ReadAction\",\"target\":[\"https:\\\/\\\/stinf.pt\\\/es\\\/areas-de-acao\\\/\"]}]},{\"@type\":\"ImageObject\",\"inLanguage\":\"es\",\"@id\":\"https:\\\/\\\/stinf.pt\\\/es\\\/areas-de-acao\\\/#primaryimage\",\"url\":\"https:\\\/\\\/stinf.pt\\\/wp-content\\\/uploads\\\/2026\\\/02\\\/conveyor_belt_48dp_0D3E43_FILL0_wght400_GRAD0_opsz48.svg\",\"contentUrl\":\"https:\\\/\\\/stinf.pt\\\/wp-content\\\/uploads\\\/2026\\\/02\\\/conveyor_belt_48dp_0D3E43_FILL0_wght400_GRAD0_opsz48.svg\"},{\"@type\":\"BreadcrumbList\",\"@id\":\"https:\\\/\\\/stinf.pt\\\/es\\\/areas-de-acao\\\/#breadcrumb\",\"itemListElement\":[{\"@type\":\"ListItem\",\"position\":1,\"name\":\"In\u00edcio\",\"item\":\"https:\\\/\\\/stinf.pt\\\/es\\\/sistemas-industriais\\\/\"},{\"@type\":\"ListItem\",\"position\":2,\"name\":\"\u00c1reas de A\u00e7\u00e3o\"}]},{\"@type\":\"WebSite\",\"@id\":\"https:\\\/\\\/stinf.pt\\\/es\\\/#website\",\"url\":\"https:\\\/\\\/stinf.pt\\\/es\\\/\",\"name\":\"STINF\",\"description\":\"Sistemas industriais que funcionam\",\"publisher\":{\"@id\":\"https:\\\/\\\/stinf.pt\\\/es\\\/#organization\"},\"potentialAction\":[{\"@type\":\"SearchAction\",\"target\":{\"@type\":\"EntryPoint\",\"urlTemplate\":\"https:\\\/\\\/stinf.pt\\\/es\\\/?s={search_term_string}\"},\"query-input\":{\"@type\":\"PropertyValueSpecification\",\"valueRequired\":true,\"valueName\":\"search_term_string\"}}],\"inLanguage\":\"es\"},{\"@type\":\"Organization\",\"@id\":\"https:\\\/\\\/stinf.pt\\\/es\\\/#organization\",\"name\":\"STINF\",\"url\":\"https:\\\/\\\/stinf.pt\\\/es\\\/\",\"logo\":{\"@type\":\"ImageObject\",\"inLanguage\":\"es\",\"@id\":\"https:\\\/\\\/stinf.pt\\\/es\\\/#\\\/schema\\\/logo\\\/image\\\/\",\"url\":\"https:\\\/\\\/stinf.pt\\\/wp-content\\\/uploads\\\/2026\\\/02\\\/logo-stinf-light.svg\",\"contentUrl\":\"https:\\\/\\\/stinf.pt\\\/wp-content\\\/uploads\\\/2026\\\/02\\\/logo-stinf-light.svg\",\"width\":400,\"height\":465,\"caption\":\"STINF\"},\"image\":{\"@id\":\"https:\\\/\\\/stinf.pt\\\/es\\\/#\\\/schema\\\/logo\\\/image\\\/\"}}]}<\/script>\n<!-- \/ Yoast SEO plugin. -->","yoast_head_json":{"title":"\u00c1reas de A\u00e7\u00e3o - STINF","robots":{"index":"index","follow":"follow","max-snippet":"max-snippet:-1","max-image-preview":"max-image-preview:large","max-video-preview":"max-video-preview:-1"},"canonical":"https:\/\/stinf.pt\/es\/areas-de-acao\/","og_locale":"es_ES","og_type":"article","og_title":"\u00c1reas de A\u00e7\u00e3o - STINF","og_description":"Assist\u00eancia T\u00e9cnica a Equipamentos Industriais Assistimos equipamentos industriais com rapidez, rigor e foco na continuidade da produ\u00e7\u00e3o. Retrofitting e Integra\u00e7\u00e3o CNC SIEMENS (SINUMERIK) Atualizamos m\u00e1quinas ferramenta para garantir precis\u00e3o, seguran\u00e7a e fiabilidade. Automa\u00e7\u00e3o de Processos &amp; Constru\u00e7\u00e3o de Equipamentos Perif\u00e9ricos Criamos solu\u00e7\u00f5es de automa\u00e7\u00e3o que tornam os processos mais est\u00e1veis, eficientes e seguros. Projetos Industriais [&hellip;]","og_url":"https:\/\/stinf.pt\/es\/areas-de-acao\/","og_site_name":"STINF","article_modified_time":"2026-04-08T08:48:35+00:00","twitter_card":"summary_large_image","twitter_misc":{"Tiempo de lectura":"1 minuto"},"schema":{"@context":"https:\/\/schema.org","@graph":[{"@type":"WebPage","@id":"https:\/\/stinf.pt\/es\/areas-de-acao\/","url":"https:\/\/stinf.pt\/es\/areas-de-acao\/","name":"\u00c1reas de A\u00e7\u00e3o - STINF","isPartOf":{"@id":"https:\/\/stinf.pt\/es\/#website"},"primaryImageOfPage":{"@id":"https:\/\/stinf.pt\/es\/areas-de-acao\/#primaryimage"},"image":{"@id":"https:\/\/stinf.pt\/es\/areas-de-acao\/#primaryimage"},"thumbnailUrl":"https:\/\/stinf.pt\/wp-content\/uploads\/2026\/02\/conveyor_belt_48dp_0D3E43_FILL0_wght400_GRAD0_opsz48.svg","datePublished":"2026-02-16T11:34:17+00:00","dateModified":"2026-04-08T08:48:35+00:00","breadcrumb":{"@id":"https:\/\/stinf.pt\/es\/areas-de-acao\/#breadcrumb"},"inLanguage":"es","potentialAction":[{"@type":"ReadAction","target":["https:\/\/stinf.pt\/es\/areas-de-acao\/"]}]},{"@type":"ImageObject","inLanguage":"es","@id":"https:\/\/stinf.pt\/es\/areas-de-acao\/#primaryimage","url":"https:\/\/stinf.pt\/wp-content\/uploads\/2026\/02\/conveyor_belt_48dp_0D3E43_FILL0_wght400_GRAD0_opsz48.svg","contentUrl":"https:\/\/stinf.pt\/wp-content\/uploads\/2026\/02\/conveyor_belt_48dp_0D3E43_FILL0_wght400_GRAD0_opsz48.svg"},{"@type":"BreadcrumbList","@id":"https:\/\/stinf.pt\/es\/areas-de-acao\/#breadcrumb","itemListElement":[{"@type":"ListItem","position":1,"name":"In\u00edcio","item":"https:\/\/stinf.pt\/es\/sistemas-industriais\/"},{"@type":"ListItem","position":2,"name":"\u00c1reas de A\u00e7\u00e3o"}]},{"@type":"WebSite","@id":"https:\/\/stinf.pt\/es\/#website","url":"https:\/\/stinf.pt\/es\/","name":"STINF","description":"Sistemas industriais que funcionam","publisher":{"@id":"https:\/\/stinf.pt\/es\/#organization"},"potentialAction":[{"@type":"SearchAction","target":{"@type":"EntryPoint","urlTemplate":"https:\/\/stinf.pt\/es\/?s={search_term_string}"},"query-input":{"@type":"PropertyValueSpecification","valueRequired":true,"valueName":"search_term_string"}}],"inLanguage":"es"},{"@type":"Organization","@id":"https:\/\/stinf.pt\/es\/#organization","name":"STINF","url":"https:\/\/stinf.pt\/es\/","logo":{"@type":"ImageObject","inLanguage":"es","@id":"https:\/\/stinf.pt\/es\/#\/schema\/logo\/image\/","url":"https:\/\/stinf.pt\/wp-content\/uploads\/2026\/02\/logo-stinf-light.svg","contentUrl":"https:\/\/stinf.pt\/wp-content\/uploads\/2026\/02\/logo-stinf-light.svg","width":400,"height":465,"caption":"STINF"},"image":{"@id":"https:\/\/stinf.pt\/es\/#\/schema\/logo\/image\/"}}]}},"_links":{"self":[{"href":"https:\/\/stinf.pt\/es\/wp-json\/wp\/v2\/pages\/360","targetHints":{"allow":["GET"]}}],"collection":[{"href":"https:\/\/stinf.pt\/es\/wp-json\/wp\/v2\/pages"}],"about":[{"href":"https:\/\/stinf.pt\/es\/wp-json\/wp\/v2\/types\/page"}],"author":[{"embeddable":true,"href":"https:\/\/stinf.pt\/es\/wp-json\/wp\/v2\/users\/1"}],"replies":[{"embeddable":true,"href":"https:\/\/stinf.pt\/es\/wp-json\/wp\/v2\/comments?post=360"}],"version-history":[{"count":1,"href":"https:\/\/stinf.pt\/es\/wp-json\/wp\/v2\/pages\/360\/revisions"}],"predecessor-version":[{"id":361,"href":"https:\/\/stinf.pt\/es\/wp-json\/wp\/v2\/pages\/360\/revisions\/361"}],"wp:attachment":[{"href":"https:\/\/stinf.pt\/es\/wp-json\/wp\/v2\/media?parent=360"}],"curies":[{"name":"wp","href":"https:\/\/api.w.org\/{rel}","templated":true}]}}